{"id":11698,"date":"2026-01-15T17:28:41","date_gmt":"2026-01-15T17:28:41","guid":{"rendered":"https:\/\/lakesidedentist.co.uk\/?page_id=11698"},"modified":"2026-01-15T17:31:19","modified_gmt":"2026-01-15T17:31:19","slug":"privacy-policy","status":"publish","type":"page","link":"https:\/\/lakesidedentist.co.uk\/lt\/privacy-policy\/","title":{"rendered":"Privatumo Politika"},"content":{"rendered":"<div data-elementor-type=\"wp-page\" data-elementor-id=\"11698\" class=\"elementor elementor-11698\">\n\t\t\t\t\t\t<section class=\"elementor-section elementor-top-section elementor-element elementor-element-75ea07f4 elementor-section-full_width elementor-section-height-default elementor-section-height-default\" data-id=\"75ea07f4\" data-element_type=\"section\">\n\t\t\t\t\t\t<div class=\"elementor-container elementor-column-gap-default\">\n\t\t\t\t\t<div class=\"elementor-column elementor-col-100 elementor-top-column elementor-element elementor-element-171a35b\" data-id=\"171a35b\" data-element_type=\"column\">\n\t\t\t<div class=\"elementor-widget-wrap elementor-element-populated\">\n\t\t\t\t\t\t<div class=\"elementor-section elementor-inner-section elementor-element elementor-element-490ca912 elementor-section-boxed elementor-section-height-default elementor-section-height-default\" data-id=\"490ca912\" data-element_type=\"section\">\n\t\t\t\t\t\t<div class=\"elementor-container elementor-column-gap-default\">\n\t\t\t\t\t<div class=\"elementor-column elementor-col-100 elementor-inner-column elementor-element elementor-element-49f57dd5\" data-id=\"49f57dd5\" data-element_type=\"column\">\n\t\t\t<div class=\"elementor-widget-wrap elementor-element-populated\">\n\t\t\t\t\t\t<div class=\"elementor-element elementor-element-307d3d elementor-widget elementor-widget-bauen-title\" data-id=\"307d3d\" data-element_type=\"widget\" data-widget_type=\"bauen-title.default\">\n\t\t\t\t<div class=\"elementor-widget-container\">\n\t\t\t\t\t\t\t\n\t\t\t\n\t\t\t\t\t\t<h2 class=\"section-title text-left\">Privatumo <span>Politika<\/span><\/h2>\n\t\t\t\t\n\t\t\t\t\n        \n\t\t\t\n        \t\t\t\t<\/div>\n\t\t\t\t<\/div>\n\t\t\t\t\t<\/div>\n\t\t<\/div>\n\t\t\t\t\t<\/div>\n\t\t<\/div>\n\t\t\t\t<div class=\"elementor-section elementor-inner-section elementor-element elementor-element-259126bc elementor-section-boxed elementor-section-height-default elementor-section-height-default\" data-id=\"259126bc\" data-element_type=\"section\">\n\t\t\t\t\t\t<div class=\"elementor-container elementor-column-gap-default\">\n\t\t\t\t\t<div class=\"elementor-column elementor-col-100 elementor-inner-column elementor-element elementor-element-2d3e6f17\" data-id=\"2d3e6f17\" data-element_type=\"column\">\n\t\t\t<div class=\"elementor-widget-wrap elementor-element-populated\">\n\t\t\t\t\t\t<div class=\"elementor-element elementor-element-49ba7af elementor-widget elementor-widget-bauen-text\" data-id=\"49ba7af\" data-element_type=\"widget\" data-widget_type=\"bauen-text.default\">\n\t\t\t\t<div class=\"elementor-widget-container\">\n\t\t\t\t\t\t\t<div class=\"bn-text-block clear\">\n\t\t<p>Paskutin\u012f kart\u0105 atnaujinta: 2026 m. sausio 15 d.<\/p><p>Lakeside Dental &amp; Medical Clinic (Unit 528, Lakeside Shopping Centre, Brompton Walk, West Thurrock Way, Essex, RM20 2ZL | El. pa\u0161tas:\u00a0<a href=\"mailto:info@lakesidedentist.co.uk\"><strong>info@lakesidedentist.co.uk<\/strong><\/a>) \u012fsipareigoja saugoti j\u016bs\u0173 privatum\u0105. \u0160i politika paai\u0161kina, kaip mes renkame, naudojame ir apsaugome asmens duomenis, kai naudojat\u0117s m\u016bs\u0173 svetaine, laikydamiesi JK Duomen\u0173 apsaugos \u012fstatymo 2018 m. ir JK GDPR taisykli\u0173.<\/p><p><strong>Duomen\u0173 valdytojas<\/strong><\/p><p>Lakeside Dental &amp; Medical Clinic yra duomen\u0173 valdytojas. D\u0117l u\u017eklaus\u0173 kreipkit\u0117s \u012f m\u016bs\u0173 Duomen\u0173 apsaugos pareig\u016bn\u0105 el. pa\u0161tu:\u00a0<a href=\"mailto:info@lakesidedentist.co.uk\"><strong>info@lakesidedentist.co.uk<\/strong><\/a>\u00a0arba nurodytu adresu.<\/p><p><strong>Renkami duomenys<\/strong><\/p><p>Mes renkame:<\/p><ul><li>Kontaktinius duomenis (vardas, el. pa\u0161tas, telefonas) per formas.<\/li><li>Naudojimo duomenis (IP adresas, nar\u0161ykl\u0117s tipas) analizei.<\/li><li>Joki\u0173 sveikatos duomen\u0173 per svetain\u0119; klinikiniai duomenys tvarkomi atskirai pagal pacient\u0173 taisykles.<\/li><\/ul><p><strong>Kaip naudojame j\u016bs\u0173 duomenis<\/strong><\/p><p>Duomenys naudojami:<\/p><ul><li>Atsakyti \u012f u\u017eklausas ir rezervuoti vizitus.<\/li><li>Si\u0173sti naujienlai\u0161kius (galima atsisakyti).<\/li><li>Analizuoti svetain\u0117s naudojim\u0105 (anonimizuotai per Google Analytics).<\/li><li>Gerinti paslaugas.<\/li><\/ul><p>Teisinis pagrindas: sutikimas arba pagr\u012fstas interesas (6 straipsnis JK GDPR).<\/p><p><strong>Duomen\u0173 dalinimasis<\/strong><\/p><p>Duomenis dalijam\u0117s tik su:<\/p><ul><li>Paslaug\u0173 teik\u0117jais (pvz., el. pa\u0161to serveriai, analitika) pagal grie\u017etas sutartis.<\/li><li>Odontologais gydymui (jei nukreipiama).<\/li><li>Valstybin\u0117mis institucijomis pagal \u012fstatymo reikalavimus.<br \/>Nedalyvaujame duomen\u0173 pardavime.<\/li><\/ul><p><strong>Slapukai<\/strong><\/p><p>Naudojame b\u016btinus ir analitinius slapukus. Nuostatas valdykite per nar\u0161ykl\u0117s nustatymus. I\u0161sami informacija m\u016bs\u0173 Slapuk\u0173 politikoje.<\/p><p><strong>J\u016bs\u0173 teis\u0117s (JK GDPR)<\/strong><\/p><ul><li>Teis\u0117 susipa\u017einti, i\u0161taisyti, i\u0161trinti ar apriboti duomen\u0173 tvarkym\u0105.<\/li><li>Prie\u0161intis tvarkymui arba at\u0161aukti sutikim\u0105.<\/li><li>Duomen\u0173 perkeliamumas.<\/li><li>Sk\u0173stis ICO (ico.org.uk).<\/li><\/ul><p>U\u017eklausos: el. pa\u0161tu:\u00a0<a href=\"mailto:info@lakesidedentist.co.uk\"><strong>info@lakesidedentist.co.uk<\/strong><\/a>\u00a0(apdorojama per 1 m\u0117nes\u012f).<\/p><p><strong>Saugumas ir saugojimas<\/strong><\/p><p>Duomenys saugomi su \u0161ifravimu ir prieigos kontrol\u0117mis. Saugomi tiek, kiek reikia (pvz., 2 metus u\u017eklausoms; ilgiau pagal teis\u0117s reikalavimus).<\/p><p><strong>Nuorodos \u012f tre\u010di\u0105sias \u0161alis<\/strong><\/p><p>Nuorodos \u012f i\u0161orines svetaines nekontroliuojamos; per\u017ei\u016br\u0117kite j\u0173 politik\u0105.<\/p><p>Politikos pakeitimai bus paskelbti \u010dia. Klausimai: susisiekite su mumis.<\/p>\t\t<\/div>\n\t\t\t\t\t\t<\/div>\n\t\t\t\t<\/div>\n\t\t\t\t\t<\/div>\n\t\t<\/div>\n\t\t\t\t\t<\/div>\n\t\t<\/div>\n\t\t\t\t\t<\/div>\n\t\t<\/div>\n\t\t\t\t\t<\/div>\n\t\t<\/section>\n\t\t\t\t<\/div>","protected":false},"excerpt":{"rendered":"<p>Privacy Policy Last updated: January 15, 2026 Lakeside Dental &amp; Medical Clinic\u00a0(Unit 528, Lakeside Shopping Centre, Brompton Walk, West Thurrock Way, Essex, RM20 2ZL | Email:\u00a0info@lakesidedentist.co.uk) is committed to protecting your privacy. This policy explains how we collect, use, and safeguard personal data when you use our website, in compliance with the UK Data Protection Act 2018 and UK GDPR&#8230;.<\/p>","protected":false},"author":1,"featured_media":0,"parent":0,"menu_order":0,"comment_status":"closed","ping_status":"closed","template":"","meta":{"_monsterinsights_skip_tracking":false,"_monsterinsights_sitenote_active":false,"_monsterinsights_sitenote_note":"","_monsterinsights_sitenote_category":0,"footnotes":"","_links_to":"","_links_to_target":""},"class_list":["post-11698","page","type-page","status-publish","hentry"],"aioseo_notices":[],"_links":{"self":[{"href":"https:\/\/lakesidedentist.co.uk\/lt\/wp-json\/wp\/v2\/pages\/11698","targetHints":{"allow":["GET"]}}],"collection":[{"href":"https:\/\/lakesidedentist.co.uk\/lt\/wp-json\/wp\/v2\/pages"}],"about":[{"href":"https:\/\/lakesidedentist.co.uk\/lt\/wp-json\/wp\/v2\/types\/page"}],"author":[{"embeddable":true,"href":"https:\/\/lakesidedentist.co.uk\/lt\/wp-json\/wp\/v2\/users\/1"}],"replies":[{"embeddable":true,"href":"https:\/\/lakesidedentist.co.uk\/lt\/wp-json\/wp\/v2\/comments?post=11698"}],"version-history":[{"count":0,"href":"https:\/\/lakesidedentist.co.uk\/lt\/wp-json\/wp\/v2\/pages\/11698\/revisions"}],"wp:attachment":[{"href":"https:\/\/lakesidedentist.co.uk\/lt\/wp-json\/wp\/v2\/media?parent=11698"}],"curies":[{"name":"wp","href":"https:\/\/api.w.org\/{rel}","templated":true}]}}