{"id":227,"date":"2021-09-25T14:49:40","date_gmt":"2021-09-25T14:49:40","guid":{"rendered":"https:\/\/webredox.net\/demo\/wp\/bauen\/light\/multi\/demo1\/?page_id=9"},"modified":"2025-05-26T12:49:15","modified_gmt":"2025-05-26T12:49:15","slug":"namai-2","status":"publish","type":"page","link":"https:\/\/lakesidedentist.co.uk\/lt\/","title":{"rendered":"Namai"},"content":{"rendered":"<div data-elementor-type=\"wp-page\" data-elementor-id=\"227\" class=\"elementor elementor-227\">\n\t\t\t\t\t\t<section class=\"elementor-section elementor-top-section elementor-element elementor-element-a1aa304 elementor-section-full_width elementor-section-height-full elementor-section-height-default elementor-section-items-middle\" data-id=\"a1aa304\" data-element_type=\"section\">\n\t\t\t\t\t\t<div class=\"elementor-container elementor-column-gap-no\">\n\t\t\t\t\t<div class=\"elementor-column elementor-col-100 elementor-top-column elementor-element elementor-element-6275003\" data-id=\"6275003\" data-element_type=\"column\">\n\t\t\t<div class=\"elementor-widget-wrap elementor-element-populated\">\n\t\t\t\t\t\t<div class=\"elementor-element elementor-element-4096e57 elementor-widget elementor-widget-bauen-banner-image\" data-id=\"4096e57\" data-element_type=\"widget\" data-widget_type=\"bauen-banner-image.default\">\n\t\t\t\t<div class=\"elementor-widget-container\">\n\t\t\t\t\t\t\t\n\t\t\n\t\t<header class=\"header main-slider  bn-intro-type-slider\" data-scroll-index=\"0\">\n        \n            <!-- The opacity on the image is made with \"data-overlay-dark=\"number\". You can change it using the numbers 0-9. -->\n            \n\t\t\t\t\t\t<div class=\"video-fullscreen-wrap item\">\n\t\t\t\t<div class=\"video-fullscreen-video\" data-overlay-dark=\"1\">\n\t\t\t\t\t<video playsinline=\"\" autoplay=\"\" loop=\"\" muted=\"\" poster=\"https:\/\/lakesidedentist.co.uk\/wp-content\/uploads\/2023\/05\/Good-to-know-Dental-clinic.jpg\">\n\t\t\t\t\t\t<source src=\"\/wp-content\/uploads\/2025\/05\/Lakeside-dental-clinic-main.mp4\" type=\"video\/mp4\" autoplay=\"\" loop=\"\" muted=\"\">\n\t\t\t\t\t<\/video>\n\t\t\t\t<\/div>\n\t\t\t                <div class=\"v-middle caption mt-30\">\n                    <div class=\"container\">\n                        <div class=\"row\">\n                            <div class=\"col-md-7 offset-md-2 col-md-7 offset-md-5 text-right\">\n\t\t\t\t\t\t\t<div class=\"o-hidden\">\n                                <h1 class=\"bn-slider-title-class\">\n\t\t\t\t\t\t\t\t\t\t\t\t\t\t\t\t\t\tR\u016bpinkit\u0117s savo <br>\u0161ypsena \u0161iandien\t\t\t\t\t\t\t\t\t\t\t\t\t\t\t\t\t<\/h1>\n\t\t\t\t\t\t\t\t                                <p>Gra\u017ei \u0161ypsena \u2013 geriausia j\u016bs\u0173 vizitin\u0117 kortel\u0117!<\/p> \n\t\t\t\t\t\t\t\t\t\t\t\t\t\t\t\t                            <\/div>\n                            <\/div>\n                        <\/div>\n                    <\/div>\n                <\/div>\n            <\/div>\n\t\t\t\n        \n\t\t\t\t<div class=\"hero-corner\"><\/div>\n\t\t<div class=\"hero-corner3\"><\/div>\n\t\t\t\t\t\t<div class=\"left-panel el-left-panel bn-if-social-off\"\">\n\t\t\t \t\t\t<ul class=\"social-left clearfix\">\n\t\t\t\t\t\t\t\t\t\t\t\t\t\t\t<li> <a href=\"https:\/\/www.facebook.com\/Lakesidedentalandmedical\" target=\"_blank\" rel=\"noopener noreferrer\"><i class=\"ti-facebook\"><\/i><\/a><\/li>\n\t\t\t\t\t\t\t\t\t\t\t\t\t\t\t\t\t\t\t\t\t\t<li> <a href=\"https:\/\/www.instagram.com\/lakesidedentalmedical\/\" target=\"_blank\" rel=\"noopener noreferrer\"><i class=\"ti-instagram\"><\/i><\/a><\/li>\n\t\t\t\t\t\t\t\t\t\t\t\t\t<\/ul>\n\t\t\t \t\t\t\n\t\t<\/div>\n\t\t\t\t\n    <\/header>\t\t\n\n        \t\t\t\t<\/div>\n\t\t\t\t<\/div>\n\t\t\t\t\t<\/div>\n\t\t<\/div>\n\t\t\t\t\t<\/div>\n\t\t<\/section>\n\t\t\t\t<section class=\"elementor-section elementor-top-section elementor-element elementor-element-3f2c848 elementor-section-boxed elementor-section-height-default elementor-section-height-default\" data-id=\"3f2c848\" data-element_type=\"section\" id=\"about\">\n\t\t\t\t\t\t<div class=\"elementor-container elementor-column-gap-default\">\n\t\t\t\t\t<div class=\"elementor-column elementor-col-100 elementor-top-column elementor-element elementor-element-1469945\" data-id=\"1469945\" data-element_type=\"column\">\n\t\t\t<div class=\"elementor-widget-wrap elementor-element-populated\">\n\t\t\t\t\t\t<div class=\"elementor-element elementor-element-f934f29 elementor-widget elementor-widget-bauen-title\" data-id=\"f934f29\" data-element_type=\"widget\" data-widget_type=\"bauen-title.default\">\n\t\t\t\t<div class=\"elementor-widget-container\">\n\t\t\t\t\t\t\t\n\t\t\t\n\t\t\t\t\t\t<h2 class=\"section-title text-left\">Odontologijos klinika <span class=\"text-color-red\">Lakesid'e<\/span> <\/h2>\n\t\t\t\t\n\t\t\t\t\n        \n\t\t\t\n        \t\t\t\t<\/div>\n\t\t\t\t<\/div>\n\t\t\t\t\t<\/div>\n\t\t<\/div>\n\t\t\t\t\t<\/div>\n\t\t<\/section>\n\t\t\t\t<section class=\"elementor-section elementor-top-section elementor-element elementor-element-47a670a elementor-section-full_width elementor-section-height-default elementor-section-height-default\" data-id=\"47a670a\" data-element_type=\"section\">\n\t\t\t\t\t\t<div class=\"elementor-container elementor-column-gap-default\">\n\t\t\t\t\t<div class=\"elementor-column elementor-col-100 elementor-top-column elementor-element elementor-element-0c925a1\" data-id=\"0c925a1\" data-element_type=\"column\">\n\t\t\t<div class=\"elementor-widget-wrap elementor-element-populated\">\n\t\t\t\t\t\t<div class=\"elementor-section elementor-inner-section elementor-element elementor-element-711d25d elementor-section-boxed elementor-section-height-default elementor-section-height-default\" data-id=\"711d25d\" data-element_type=\"section\">\n\t\t\t\t\t\t<div class=\"elementor-container elementor-column-gap-default\">\n\t\t\t\t\t<div class=\"elementor-column elementor-col-50 elementor-inner-column elementor-element elementor-element-8530d76\" data-id=\"8530d76\" data-element_type=\"column\">\n\t\t\t<div class=\"elementor-widget-wrap elementor-element-populated\">\n\t\t\t\t\t\t<div class=\"elementor-element elementor-element-6279768 elementor-widget elementor-widget-bauen-text\" data-id=\"6279768\" data-element_type=\"widget\" data-widget_type=\"bauen-text.default\">\n\t\t\t\t<div class=\"elementor-widget-container\">\n\t\t\t\t\t\t\t<div class=\"bn-text-block clear\">\n\t\t<p>Siekiame Jums pasi\u016blyti ne tik auk\u0161\u010diausios kokyb\u0117s dant\u0173 prie\u017ei\u016bros standartus, bet ir draugi\u0161k\u0105 bei r\u016bpesting\u0105 atmosfer\u0105, kupin\u0105 d\u0117mesio kiekvienam pacientui. Jei norite tur\u0117ti nuostabi\u0105 \u0161ypsen\u0105 ir vis\u0105 gyvenim\u0105 m\u0117gautis puikia dant\u0173 sveikata, tuomet at\u0117jote ten, kur reikia!<\/p><p>Jums pad\u0117s profesional\u016bs odontologai, dirbantys su auk\u0161tos kokyb\u0117s sertifikuotomis med\u017eiagomis, pa\u017eangiomis technologijomis ir modernia \u012franga. M\u016bs\u0173 pacientai \u017eino, kad mes jais r\u016bpinam\u0117s ir darome tai, k\u0105 pa\u017eadame. J\u016bs\u0173 \u0161ypsena mums svarbi, tod\u0117l naudojame naujausias technologijas, kad ji b\u016bt\u0173 gra\u017ei ir sveika. Nebrangi dant\u0173 prie\u017ei\u016bra ir sveika, stulbinanti \u0161ypsena po gydymo privers jus steb\u0117tis!<\/p><p>Laukiame J\u016bs\u0173 apsilankant!<\/p>\t\t<\/div>\n\t\t\t\t\t\t<\/div>\n\t\t\t\t<\/div>\n\t\t\t\t\t<\/div>\n\t\t<\/div>\n\t\t\t\t<div class=\"elementor-column elementor-col-50 elementor-inner-column elementor-element elementor-element-7f12171\" data-id=\"7f12171\" data-element_type=\"column\">\n\t\t\t<div class=\"elementor-widget-wrap elementor-element-populated\">\n\t\t\t\t\t\t<div class=\"elementor-element elementor-element-c41c284 elementor-invisible elementor-widget elementor-widget-bauen-image\" data-id=\"c41c284\" data-element_type=\"widget\" data-settings=\"{&quot;_animation&quot;:&quot;fadeInUp&quot;}\" data-widget_type=\"bauen-image.default\">\n\t\t\t\t<div class=\"elementor-widget-container\">\n\t\t\t\t\t\t\t\n\t\t\t\t\n\t\t\t<div class=\"sec-img\">\n\t\t\t    \t\t\t\n\t\t\t\t <img decoding=\"async\" src=\"https:\/\/lakesidedentist.co.uk\/wp-content\/uploads\/2024\/12\/Lakeside-klinika.jpg\" class=\"img-responsive\" alt=\"odontologijos praktika\"> \n\t\t\t\t\t\n\t\t\t<\/div>\n\t\t\n\t\t\t\t\t\n\t\t\n\t\t\t\n        \t\t\t\t<\/div>\n\t\t\t\t<\/div>\n\t\t\t\t\t<\/div>\n\t\t<\/div>\n\t\t\t\t\t<\/div>\n\t\t<\/div>\n\t\t\t\t\t<\/div>\n\t\t<\/div>\n\t\t\t\t\t<\/div>\n\t\t<\/section>\n\t\t\t\t<section class=\"elementor-section elementor-top-section elementor-element elementor-element-00595bb elementor-section-full_width elementor-section-height-default elementor-section-height-default\" data-id=\"00595bb\" data-element_type=\"section\" data-no-translation=\"\">\n\t\t\t\t\t\t<div class=\"elementor-container elementor-column-gap-default\">\n\t\t\t\t\t<div class=\"elementor-column elementor-col-100 elementor-top-column elementor-element elementor-element-428a8f6\" data-id=\"428a8f6\" data-element_type=\"column\">\n\t\t\t<div class=\"elementor-widget-wrap elementor-element-populated\">\n\t\t\t\t\t\t<div class=\"elementor-section elementor-inner-section elementor-element elementor-element-d8a2853 elementor-section-boxed elementor-section-height-default elementor-section-height-default\" data-id=\"d8a2853\" data-element_type=\"section\">\n\t\t\t\t\t\t<div class=\"elementor-container elementor-column-gap-no\">\n\t\t\t\t\t<div data-ra-element-link=\"{&quot;url&quot;:&quot;\\\/lt\\\/paslaugos&quot;,&quot;is_external&quot;:&quot;&quot;,&quot;nofollow&quot;:&quot;&quot;,&quot;custom_attributes&quot;:&quot;&quot;}\" style=\"cursor: pointer\" target=\"_self\" onclick=\"window.open(&#039;\/lt\/paslaugos&#039;, &#039;_self&#039;)\" class=\"elementor-column elementor-col-50 elementor-inner-column elementor-element elementor-element-932b221 clickable elementor-invisible\" data-id=\"932b221\" data-element_type=\"column\" data-settings=\"{&quot;background_background&quot;:&quot;classic&quot;,&quot;animation&quot;:&quot;fadeInLeft&quot;}\">\n\t\t\t<div class=\"elementor-widget-wrap elementor-element-populated\">\n\t\t\t\t\t\t<div class=\"elementor-element elementor-element-2e6982c ekit-equal-height-disable elementor-widget elementor-widget-elementskit-icon-box\" data-id=\"2e6982c\" data-element_type=\"widget\" data-widget_type=\"elementskit-icon-box.default\">\n\t\t\t\t<div class=\"elementor-widget-container\">\n\t\t\t\t\t<div class=\"ekit-wid-con\" >        <!-- link opening -->\n                <!-- end link opening -->\n\n        <div class=\"elementskit-infobox text-center text- icon-top-align elementor-animation-  gradient-active image-active hover_from_left\">\n                            <div class=\"elementskit-box-header\">\n                <div class=\"elementskit-info-box-icon\">\n                    <img decoding=\"async\" src=\"\" title=\"\" alt=\"\" class=\"\" \/>                <\/div>\n          <\/div>\n                <div class=\"box-body\">\n                                                    <div class=\"box-footer disable_hover_button\">\n                    <div class=\"btn-wraper\">\n                                                            <a class=\"elementskit-btn whitespace--normal\" href=\"\/lt\/paslaugos\/\">\n                                        PASLAUGOS                                    <\/a>\n                                                        <\/div>\n                <\/div>\n                    <\/div>\n        \n                            \n                <\/div>\n        <\/div>\t\t\t\t<\/div>\n\t\t\t\t<\/div>\n\t\t\t\t\t<\/div>\n\t\t<\/div>\n\t\t\t\t<div data-ra-element-link=\"{&quot;url&quot;:&quot;\\\/lt\\\/kainorastis\\\/&quot;,&quot;is_external&quot;:&quot;&quot;,&quot;nofollow&quot;:&quot;&quot;,&quot;custom_attributes&quot;:&quot;&quot;}\" style=\"cursor: pointer\" target=\"_self\" onclick=\"window.open(&#039;\/lt\/kainorastis\/&#039;, &#039;_self&#039;)\" class=\"elementor-column elementor-col-50 elementor-inner-column elementor-element elementor-element-78fbb78 clickable elementor-invisible\" data-id=\"78fbb78\" data-element_type=\"column\" data-settings=\"{&quot;background_background&quot;:&quot;classic&quot;,&quot;animation&quot;:&quot;fadeInRight&quot;}\">\n\t\t\t<div class=\"elementor-widget-wrap elementor-element-populated\">\n\t\t\t\t\t\t<div class=\"elementor-element elementor-element-2f3564f ekit-equal-height-disable elementor-widget elementor-widget-elementskit-icon-box\" data-id=\"2f3564f\" data-element_type=\"widget\" data-widget_type=\"elementskit-icon-box.default\">\n\t\t\t\t<div class=\"elementor-widget-container\">\n\t\t\t\t\t<div class=\"ekit-wid-con\" >        <!-- link opening -->\n                <!-- end link opening -->\n\n        <div class=\"elementskit-infobox text-center text- icon-top-align elementor-animation-  gradient-active image-active hover_from_left\">\n                            <div class=\"elementskit-box-header\">\n                <div class=\"elementskit-info-box-icon\">\n                    <img decoding=\"async\" src=\"\" title=\"\" alt=\"\" class=\"\" \/>                <\/div>\n          <\/div>\n                <div class=\"box-body\">\n                                                    <div class=\"box-footer disable_hover_button\">\n                    <div class=\"btn-wraper\">\n                                                            <a class=\"elementskit-btn whitespace--normal\" href=\"\/lt\/kainorastis\/\">\n                                        KAINORA\u0160TIS                                    <\/a>\n                                                        <\/div>\n                <\/div>\n                    <\/div>\n        \n                            \n                <\/div>\n        <\/div>\t\t\t\t<\/div>\n\t\t\t\t<\/div>\n\t\t\t\t\t<\/div>\n\t\t<\/div>\n\t\t\t\t\t<\/div>\n\t\t<\/div>\n\t\t\t\t<div class=\"elementor-section elementor-inner-section elementor-element elementor-element-4d5c423 elementor-section-boxed elementor-section-height-default elementor-section-height-default\" data-id=\"4d5c423\" data-element_type=\"section\">\n\t\t\t\t\t\t<div class=\"elementor-container elementor-column-gap-no\">\n\t\t\t\t\t<div data-ra-element-link=\"{&quot;url&quot;:&quot;\\\/lt\\\/galerija\\\/&quot;,&quot;is_external&quot;:&quot;&quot;,&quot;nofollow&quot;:&quot;&quot;,&quot;custom_attributes&quot;:&quot;&quot;}\" style=\"cursor: pointer\" target=\"_self\" onclick=\"window.open(&#039;\/lt\/galerija\/&#039;, &#039;_self&#039;)\" class=\"elementor-column elementor-col-50 elementor-inner-column elementor-element elementor-element-a5be278 clickable elementor-invisible\" data-id=\"a5be278\" data-element_type=\"column\" data-settings=\"{&quot;background_background&quot;:&quot;classic&quot;,&quot;animation&quot;:&quot;fadeInRight&quot;,&quot;animation_mobile&quot;:&quot;slideInLeft&quot;,&quot;animation_delay&quot;:500}\">\n\t\t\t<div class=\"elementor-widget-wrap elementor-element-populated\">\n\t\t\t\t\t\t<div class=\"elementor-element elementor-element-5b3be76 ekit-equal-height-disable elementor-widget elementor-widget-elementskit-icon-box\" data-id=\"5b3be76\" data-element_type=\"widget\" data-widget_type=\"elementskit-icon-box.default\">\n\t\t\t\t<div class=\"elementor-widget-container\">\n\t\t\t\t\t<div class=\"ekit-wid-con\" >        <!-- link opening -->\n                <!-- end link opening -->\n\n        <div class=\"elementskit-infobox text-center text- icon-top-align elementor-animation-  gradient-active image-active hover_from_left\">\n                            <div class=\"elementskit-box-header\">\n                <div class=\"elementskit-info-box-icon\">\n                    <img decoding=\"async\" src=\"\" title=\"\" alt=\"\" class=\"\" \/>                <\/div>\n          <\/div>\n                <div class=\"box-body\">\n                                                    <div class=\"box-footer disable_hover_button\">\n                    <div class=\"btn-wraper\">\n                                                            <a class=\"elementskit-btn whitespace--normal\" href=\"\/lt\/galerija\/\">\n                                        GALERIJA                                    <\/a>\n                                                        <\/div>\n                <\/div>\n                    <\/div>\n        \n                            \n                <\/div>\n        <\/div>\t\t\t\t<\/div>\n\t\t\t\t<\/div>\n\t\t\t\t\t<\/div>\n\t\t<\/div>\n\t\t\t\t<div data-ra-element-link=\"{&quot;url&quot;:&quot;\\\/lt\\\/komanda\\\/&quot;,&quot;is_external&quot;:&quot;&quot;,&quot;nofollow&quot;:&quot;&quot;,&quot;custom_attributes&quot;:&quot;&quot;}\" style=\"cursor: pointer\" target=\"_self\" onclick=\"window.open(&#039;\/lt\/komanda\/&#039;, &#039;_self&#039;)\" class=\"elementor-column elementor-col-50 elementor-inner-column elementor-element elementor-element-a2ceeab clickable elementor-invisible\" data-id=\"a2ceeab\" data-element_type=\"column\" data-settings=\"{&quot;background_background&quot;:&quot;classic&quot;,&quot;animation&quot;:&quot;fadeInLeft&quot;,&quot;animation_mobile&quot;:&quot;slideInRight&quot;,&quot;animation_delay&quot;:500}\">\n\t\t\t<div class=\"elementor-widget-wrap elementor-element-populated\">\n\t\t\t\t\t\t<div class=\"elementor-element elementor-element-b1c68c9 ekit-equal-height-disable elementor-widget elementor-widget-elementskit-icon-box\" data-id=\"b1c68c9\" data-element_type=\"widget\" data-widget_type=\"elementskit-icon-box.default\">\n\t\t\t\t<div class=\"elementor-widget-container\">\n\t\t\t\t\t<div class=\"ekit-wid-con\" >        <!-- link opening -->\n                <!-- end link opening -->\n\n        <div class=\"elementskit-infobox text-center text- icon-top-align elementor-animation-  gradient-active image-active hover_from_left\">\n                            <div class=\"elementskit-box-header\">\n                <div class=\"elementskit-info-box-icon\">\n                    <img decoding=\"async\" src=\"\" title=\"\" alt=\"\" class=\"\" \/>                <\/div>\n          <\/div>\n                <div class=\"box-body\">\n                                                    <div class=\"box-footer disable_hover_button\">\n                    <div class=\"btn-wraper\">\n                                                            <a class=\"elementskit-btn whitespace--normal\" href=\"\/lt\/komanda\/\">\n                                        M\u016aS\u0172 KOMANDA                                    <\/a>\n                                                        <\/div>\n                <\/div>\n                    <\/div>\n        \n                            \n                <\/div>\n        <\/div>\t\t\t\t<\/div>\n\t\t\t\t<\/div>\n\t\t\t\t\t<\/div>\n\t\t<\/div>\n\t\t\t\t\t<\/div>\n\t\t<\/div>\n\t\t\t\t<div class=\"elementor-section elementor-inner-section elementor-element elementor-element-405a36a elementor-section-boxed elementor-section-height-default elementor-section-height-default\" data-id=\"405a36a\" data-element_type=\"section\">\n\t\t\t\t\t\t<div class=\"elementor-container elementor-column-gap-no\">\n\t\t\t\t\t<div data-ra-element-link=\"{&quot;url&quot;:&quot;\\\/lt\\\/verta-zinoti\\\/&quot;,&quot;is_external&quot;:&quot;&quot;,&quot;nofollow&quot;:&quot;&quot;,&quot;custom_attributes&quot;:&quot;&quot;}\" style=\"cursor: pointer\" target=\"_self\" onclick=\"window.open(&#039;\/lt\/verta-zinoti\/&#039;, &#039;_self&#039;)\" class=\"elementor-column elementor-col-50 elementor-inner-column elementor-element elementor-element-a497daa clickable elementor-invisible\" data-id=\"a497daa\" data-element_type=\"column\" data-settings=\"{&quot;background_background&quot;:&quot;classic&quot;,&quot;animation&quot;:&quot;fadeInLeft&quot;,&quot;animation_mobile&quot;:&quot;slideInLeft&quot;,&quot;animation_delay&quot;:500}\">\n\t\t\t<div class=\"elementor-widget-wrap elementor-element-populated\">\n\t\t\t\t\t\t<div class=\"elementor-element elementor-element-b692f4a ekit-equal-height-disable elementor-widget elementor-widget-elementskit-icon-box\" data-id=\"b692f4a\" data-element_type=\"widget\" data-widget_type=\"elementskit-icon-box.default\">\n\t\t\t\t<div class=\"elementor-widget-container\">\n\t\t\t\t\t<div class=\"ekit-wid-con\" >        <!-- link opening -->\n                <!-- end link opening -->\n\n        <div class=\"elementskit-infobox text-center text- icon-top-align elementor-animation-  gradient-active image-active hover_from_left\">\n                            <div class=\"elementskit-box-header\">\n                <div class=\"elementskit-info-box-icon\">\n                    <img decoding=\"async\" src=\"\" title=\"\" alt=\"\" class=\"\" \/>                <\/div>\n          <\/div>\n                <div class=\"box-body\">\n                                                    <div class=\"box-footer disable_hover_button\">\n                    <div class=\"btn-wraper\">\n                                                            <a class=\"elementskit-btn whitespace--normal\" href=\"\/lt\/verta-zinoti\/\">\n                                        VERTA \u017dINOTI                                    <\/a>\n                                                        <\/div>\n                <\/div>\n                    <\/div>\n        \n                            \n                <\/div>\n        <\/div>\t\t\t\t<\/div>\n\t\t\t\t<\/div>\n\t\t\t\t\t<\/div>\n\t\t<\/div>\n\t\t\t\t<div data-ra-element-link=\"{&quot;url&quot;:&quot;\\\/lt\\\/360-turas\\\/&quot;,&quot;is_external&quot;:&quot;&quot;,&quot;nofollow&quot;:&quot;&quot;,&quot;custom_attributes&quot;:&quot;&quot;}\" style=\"cursor: pointer\" target=\"_self\" onclick=\"window.open(&#039;\/lt\/360-turas\/&#039;, &#039;_self&#039;)\" class=\"elementor-column elementor-col-50 elementor-inner-column elementor-element elementor-element-a9da037 clickable elementor-invisible\" data-id=\"a9da037\" data-element_type=\"column\" data-settings=\"{&quot;background_background&quot;:&quot;classic&quot;,&quot;animation&quot;:&quot;fadeInRight&quot;,&quot;animation_mobile&quot;:&quot;slideInRight&quot;,&quot;animation_delay&quot;:500}\">\n\t\t\t<div class=\"elementor-widget-wrap elementor-element-populated\">\n\t\t\t\t\t\t<div class=\"elementor-element elementor-element-ff13e1c ekit-equal-height-disable elementor-widget elementor-widget-elementskit-icon-box\" data-id=\"ff13e1c\" data-element_type=\"widget\" data-widget_type=\"elementskit-icon-box.default\">\n\t\t\t\t<div class=\"elementor-widget-container\">\n\t\t\t\t\t<div class=\"ekit-wid-con\" >        <!-- link opening -->\n                <!-- end link opening -->\n\n        <div class=\"elementskit-infobox text-center text- icon-top-align elementor-animation-  gradient-active image-active hover_from_left\">\n                            <div class=\"elementskit-box-header\">\n                <div class=\"elementskit-info-box-icon\">\n                    <img decoding=\"async\" src=\"\" title=\"\" alt=\"\" class=\"\" \/>                <\/div>\n          <\/div>\n                <div class=\"box-body\">\n                                                    <div class=\"box-footer disable_hover_button\">\n                    <div class=\"btn-wraper\">\n                                                            <a class=\"elementskit-btn whitespace--normal\" href=\"\/lt\/360-turas\/\">\n                                        360\u00b0 TURAS                                    <\/a>\n                                                        <\/div>\n                <\/div>\n                    <\/div>\n        \n                            \n                <\/div>\n        <\/div>\t\t\t\t<\/div>\n\t\t\t\t<\/div>\n\t\t\t\t\t<\/div>\n\t\t<\/div>\n\t\t\t\t\t<\/div>\n\t\t<\/div>\n\t\t\t\t\t<\/div>\n\t\t<\/div>\n\t\t\t\t\t<\/div>\n\t\t<\/section>\n\t\t\t\t<\/div>","protected":false},"excerpt":{"rendered":"<p>Pasir\u016bpinkite savo \u0161ypsena jau \u0161iandien Gra\u017ei \u0161ypsena - geriausia vizitin\u0117 kortel\u0117! Odontologijos praktika Lakeside Mes siekiame jums pasi\u016blyti ne tik auk\u0161\u010diausio lygio kokybi\u0161k\u0105 odontologin\u0119 prie\u017ei\u016br\u0105, bet ir draugi\u0161k\u0105 bei r\u016bpesting\u0105 \u0161eimynin\u0119 atmosfer\u0105, kupin\u0105 d\u0117mesio kiekvienam klientui. Jei norite tur\u0117ti nuostabi\u0105 \u0161ypsen\u0105 ir vis\u0105 gyvenim\u0105 d\u017eiaugtis i\u0161skirtin\u0117mis dant\u0173...<\/p>","protected":false},"author":1,"featured_media":0,"parent":0,"menu_order":0,"comment_status":"closed","ping_status":"closed","template":"","meta":{"_monsterinsights_skip_tracking":false,"_monsterinsights_sitenote_active":false,"_monsterinsights_sitenote_note":"","_monsterinsights_sitenote_category":0,"footnotes":"","_links_to":"","_links_to_target":""},"class_list":["post-227","page","type-page","status-publish","hentry"],"aioseo_notices":[],"_links":{"self":[{"href":"https:\/\/lakesidedentist.co.uk\/lt\/wp-json\/wp\/v2\/pages\/227","targetHints":{"allow":["GET"]}}],"collection":[{"href":"https:\/\/lakesidedentist.co.uk\/lt\/wp-json\/wp\/v2\/pages"}],"about":[{"href":"https:\/\/lakesidedentist.co.uk\/lt\/wp-json\/wp\/v2\/types\/page"}],"author":[{"embeddable":true,"href":"https:\/\/lakesidedentist.co.uk\/lt\/wp-json\/wp\/v2\/users\/1"}],"replies":[{"embeddable":true,"href":"https:\/\/lakesidedentist.co.uk\/lt\/wp-json\/wp\/v2\/comments?post=227"}],"version-history":[{"count":0,"href":"https:\/\/lakesidedentist.co.uk\/lt\/wp-json\/wp\/v2\/pages\/227\/revisions"}],"wp:attachment":[{"href":"https:\/\/lakesidedentist.co.uk\/lt\/wp-json\/wp\/v2\/media?parent=227"}],"curies":[{"name":"wp","href":"https:\/\/api.w.org\/{rel}","templated":true}]}}