{"id":6602,"date":"2023-05-10T07:16:04","date_gmt":"2023-05-10T07:16:04","guid":{"rendered":"https:\/\/lakesidedentist.co.uk\/?page_id=6602"},"modified":"2024-11-27T09:56:31","modified_gmt":"2024-11-27T09:56:31","slug":"dantu-implantai","status":"publish","type":"page","link":"https:\/\/lakesidedentist.co.uk\/lt\/paslaugos\/dantu-implantai\/","title":{"rendered":"Dant\u0173 implantai"},"content":{"rendered":"<div data-elementor-type=\"wp-page\" data-elementor-id=\"6602\" class=\"elementor elementor-6602\">\n\t\t\t\t\t\t<section class=\"elementor-section elementor-top-section elementor-element elementor-element-42ec5855 elementor-section-boxed elementor-section-height-default elementor-section-height-default\" data-id=\"42ec5855\" data-element_type=\"section\">\n\t\t\t\t\t\t<div class=\"elementor-container elementor-column-gap-default\">\n\t\t\t\t\t<div class=\"elementor-column elementor-col-100 elementor-top-column elementor-element elementor-element-5adf14e4\" data-id=\"5adf14e4\" data-element_type=\"column\">\n\t\t\t<div class=\"elementor-widget-wrap elementor-element-populated\">\n\t\t\t\t\t\t<div class=\"elementor-section elementor-inner-section elementor-element elementor-element-24eaf1dc elementor-section-full_width elementor-section-height-default elementor-section-height-default\" data-id=\"24eaf1dc\" data-element_type=\"section\">\n\t\t\t\t\t\t<div class=\"elementor-container elementor-column-gap-default\">\n\t\t\t\t\t<div class=\"elementor-column elementor-col-100 elementor-inner-column elementor-element elementor-element-7a8580f0\" data-id=\"7a8580f0\" data-element_type=\"column\">\n\t\t\t<div class=\"elementor-widget-wrap elementor-element-populated\">\n\t\t\t\t\t\t<div class=\"elementor-element elementor-element-702e15b3 elementor-widget elementor-widget-bauen-title\" data-id=\"702e15b3\" data-element_type=\"widget\" data-widget_type=\"bauen-title.default\">\n\t\t\t\t<div class=\"elementor-widget-container\">\n\t\t\t\t\t\t\t\n\t\t\t\n\t\t\t\t\t\t<h2 class=\"section-title text-left\">Dant\u0173 <span>Implantai<\/span><\/h2>\n\t\t\t\t\n\t\t\t\t\n        \n\t\t\t\n        \t\t\t\t<\/div>\n\t\t\t\t<\/div>\n\t\t\t\t<div class=\"elementor-element elementor-element-60827e94 elementor-widget elementor-widget-bauen-text\" data-id=\"60827e94\" data-element_type=\"widget\" data-widget_type=\"bauen-text.default\">\n\t\t\t\t<div class=\"elementor-widget-container\">\n\t\t\t\t\t\t\t<div class=\"bn-text-block clear\">\n\t\t<h5>Kas yra dant\u0173 implantas?<\/h5><p>Dant\u0173 implantas pakei\u010dia nat\u016brali\u0105 danties \u0161akn\u012f. Tai nedidelis, bet tvirtas stulpelis, pagamintas i\u0161 biologi\u0161kai suderinam\u0173 metal\u0173 ar keramikos, kuris \u012fki\u0161amas \u012f \u017eandikaul\u012f vietoje danties \u0161aknies. Implantas veikia kaip pavieni\u0173 vainik\u0117li\u0173, keli\u0173 dant\u0173 tilt\u0173 tvirtinimo pagrindas arba gali b\u016bti naudojamas kaip inkaras visam dant\u0173 protezams.<\/p><h5>Kod\u0117l verta rinktis dant\u0173 implantavimo sprendim\u0105?<\/h5><p><em><strong>I\u0161saugokite savo \u017eandikaul\u012f ir veido strukt\u016br\u0105<\/strong><\/em><\/p><p>M\u016bs\u0173 nat\u016bral\u016bs dantys padeda kaulams i\u0161likti stipriems ir sveikiems. J\u0117gos, kurias sukuriame kramtydami, perduodamos per danties \u0161aknis \u012f kaul\u0105, o tai skatina kaul\u0173 tankio palaikym\u0105. Jei danties n\u0117ra, aplink j\u012f esantis kaulas negauna \u0161ios stimuliacijos ir laikui b\u0117gant gali prad\u0117ti l\u0117tai atsitraukti. Suma\u017e\u0117jus kaulams, laikui b\u0117gant gali pasikeisti ir veido forma. Dant\u0173 implantai kramtymo j\u0117gas perduoda \u017eandikauliui, o tai padeda i\u0161laikyti sveik\u0105 \u017eandikaul\u012f ir taip i\u0161saugoti veido strukt\u016br\u0105.<\/p><p><em><strong>Pad\u0117kite \u0161ypsotis ir pasitik\u0117ti savimi<\/strong><\/em><\/p><p>Dant\u0173 implant\u0173 sprendimas atrodo ir jau\u010diasi kaip j\u016bs\u0173 nat\u016bral\u016bs dantys \u2013 tiesiog n\u0117ra jokio matomo skirtumo. Taip pat galite jaustis patogiau kalb\u0117dami, \u0161ypsodamiesi, valgydami ir bu\u010diuodami.<\/p><p><strong><em>Pagalbos funkcija<\/em><\/strong><\/p><p>Dant\u0173 implantai yra tvirtai pritvirtinti prie kaulo, kaip ir nat\u016bralus dantis. Kartu su protezu galite v\u0117l nat\u016braliai k\u0105sti ir kramtyti bei valgyti jums patinkant\u012f maist\u0105.<\/p>\t\t<\/div>\n\t\t\t\t\t\t<\/div>\n\t\t\t\t<\/div>\n\t\t\t\t\t<\/div>\n\t\t<\/div>\n\t\t\t\t\t<\/div>\n\t\t<\/div>\n\t\t\t\t<div class=\"elementor-section elementor-inner-section elementor-element elementor-element-5031ffe1 elementor-section-full_width elementor-section-height-default elementor-section-height-default\" data-id=\"5031ffe1\" data-element_type=\"section\">\n\t\t\t\t\t\t<div class=\"elementor-container elementor-column-gap-narrow\">\n\t\t\t\t\t<div class=\"elementor-column elementor-col-50 elementor-inner-column elementor-element elementor-element-62303d25\" data-id=\"62303d25\" data-element_type=\"column\">\n\t\t\t<div class=\"elementor-widget-wrap elementor-element-populated\">\n\t\t\t\t\t\t<div class=\"elementor-element elementor-element-552e57d2 elementor-widget elementor-widget-bauen-single-img-video\" data-id=\"552e57d2\" data-element_type=\"widget\" data-widget_type=\"bauen-single-img-video.default\">\n\t\t\t\t<div class=\"elementor-widget-container\">\n\t\t\t\t\t\t\t\n\t\t\n\t\t\t\n\t\t\t\t\t\t    \t\t\t\t\n\t\t\t\t\t<div class=\"sec-gallery gallery-item\">\n\t\t\t\t\t\t\n\t\t\t\t\t\t<a href=\"https:\/\/lakesidedentist.co.uk\/wp-content\/uploads\/2023\/05\/Implant-dentistry-London-Poplar.jpg\" title=\"\" >\n\t\t\t\t\t\t\t<div class=\"gallery-box\">\n\t\t\t\t\t\t\t\t<div class=\"gallery-img\"> <img fetchpriority=\"high\" decoding=\"async\" width=\"800\" height=\"600\" src=\"https:\/\/lakesidedentist.co.uk\/wp-content\/uploads\/2023\/05\/Implant-dentistry-London-Poplar.jpg\" class=\"attachment-full size-full wp-image-6607\" alt=\"\" srcset=\"https:\/\/lakesidedentist.co.uk\/wp-content\/uploads\/2023\/05\/Implant-dentistry-London-Poplar.jpg 800w, https:\/\/lakesidedentist.co.uk\/wp-content\/uploads\/2023\/05\/Implant-dentistry-London-Poplar-768x576.jpg 768w\" sizes=\"(max-width: 800px) 100vw, 800px\" \/> <\/div>\n\t\t\t\t\t\t\t<\/div>\t\t\t\t\t\t\t\t\t\n\t\t\t\t\t\t<\/a>\n\t\t\t\t\t\t\n\t\t\t\t\t<\/div>\n\t\t\t    \t\n\t\t\t\t\t\t<\/div>\n\t\t\t\t<\/div>\n\t\t\t\t\t<\/div>\n\t\t<\/div>\n\t\t\t\t<div class=\"elementor-column elementor-col-50 elementor-inner-column elementor-element elementor-element-3b512025\" data-id=\"3b512025\" data-element_type=\"column\">\n\t\t\t<div class=\"elementor-widget-wrap elementor-element-populated\">\n\t\t\t\t\t\t<div class=\"elementor-element elementor-element-1201cbc3 elementor-widget elementor-widget-bauen-single-img-video\" data-id=\"1201cbc3\" data-element_type=\"widget\" data-widget_type=\"bauen-single-img-video.default\">\n\t\t\t\t<div class=\"elementor-widget-container\">\n\t\t\t\t\t\t\t\n\t\t\n\t\t\t\n\t\t\t\t\t\t    \t\t\t\t\n\t\t\t\t\t<div class=\"sec-gallery gallery-item\">\n\t\t\t\t\t\t\n\t\t\t\t\t\t<a href=\"https:\/\/lakesidedentist.co.uk\/wp-content\/uploads\/2023\/05\/Implant-dentistry-Poplar-London.jpg\" title=\"\" >\n\t\t\t\t\t\t\t<div class=\"gallery-box\">\n\t\t\t\t\t\t\t\t<div class=\"gallery-img\"> <img decoding=\"async\" width=\"800\" height=\"600\" src=\"https:\/\/lakesidedentist.co.uk\/wp-content\/uploads\/2023\/05\/Implant-dentistry-Poplar-London.jpg\" class=\"attachment-full size-full wp-image-6608\" alt=\"\" srcset=\"https:\/\/lakesidedentist.co.uk\/wp-content\/uploads\/2023\/05\/Implant-dentistry-Poplar-London.jpg 800w, https:\/\/lakesidedentist.co.uk\/wp-content\/uploads\/2023\/05\/Implant-dentistry-Poplar-London-768x576.jpg 768w\" sizes=\"(max-width: 800px) 100vw, 800px\" \/> <\/div>\n\t\t\t\t\t\t\t<\/div>\t\t\t\t\t\t\t\t\t\n\t\t\t\t\t\t<\/a>\n\t\t\t\t\t\t\n\t\t\t\t\t<\/div>\n\t\t\t    \t\n\t\t\t\t\t\t<\/div>\n\t\t\t\t<\/div>\n\t\t\t\t\t<\/div>\n\t\t<\/div>\n\t\t\t\t\t<\/div>\n\t\t<\/div>\n\t\t\t\t<div class=\"elementor-element elementor-element-c8c1d73 elementor-widget elementor-widget-bauen-text\" data-id=\"c8c1d73\" data-element_type=\"widget\" data-widget_type=\"bauen-text.default\">\n\t\t\t\t<div class=\"elementor-widget-container\">\n\t\t\t\t\t\t\t<div class=\"bn-text-block clear\">\n\t\t<h5>Kod\u0117l verta rinktis STRAUMANN\u00ae dant\u0173 implantus?<\/h5><p>Straumann dant\u0173 implantai \u2013 sukurti taip, kad tarnaut\u0173 vis\u0105 gyvenim\u0105. Da\u017enai kopijuojamas, niekada neatitiko.<\/p><p>Straumann yra pirmaujanti dant\u0173 implant\u0173 \u012fmon\u0117, pelniusi pasaulin\u012f pasitik\u0117jim\u0105, ir yra daug prie\u017eas\u010di\u0173, kod\u0117l Straumann implanto pasirinkimas yra puikus pasirinkimas j\u016bs\u0173 burnos sveikatai.<\/p><p>Per pastar\u0105j\u012f de\u0161imtmet\u012f dant\u0173 implantavimas tapo standartiniu gydymo b\u016bdu odontologijoje, o \u012fvairi\u0173 dant\u0173 implantavimo \u012fmoni\u0173 si\u016blo daugyb\u0119 r\u016b\u0161i\u0173. Bet ar jie si\u016blo toki\u0105 pa\u010di\u0105 kokyb\u0119 ir ar \u0161ios sistemos buvo klini\u0161kai \u012frodytos atliekant ilgalaikius tyrimus? Dauguma pacient\u0173 ne\u017eino esmini\u0173 implant\u0173 sistem\u0173 skirtum\u0173. Straumann komponentai gaminami laikantis tarptautiniu mastu pripa\u017eint\u0173 kokyb\u0117s standart\u0173, su dideliu tikslumu ir dokumentuotais klinikiniais tyrimais.<\/p><p><strong><em>Mokslo remiamas<\/em><\/strong><\/p><p>\u201eStraumann\u201c s\u0117kmingai \u012frod\u0117 dant\u0173 implant\u0173 sprendim\u0173 tyrimus, pl\u0117tr\u0105 ir gamyb\u0105. Nuo 1954 met\u0173 Straumann pristat\u0117 novatori\u0161kas naujoves ir nustat\u0117 techninius etalonus. M\u016bs\u0173 mokslo ir technologij\u0173 pasiekimai paskatino daugyb\u0119 naujovi\u0173 pavir\u0161iaus technologij\u0173, auk\u0161tos kokyb\u0117s implant\u0173 med\u017eiag\u0173 ir burnos regeneracijos srityse.<\/p><p><strong><em>\u0160veicari\u0161ka kokyb\u0117 ir naujov\u0117s<\/em><\/strong><\/p><p>\u0160veicari\u0161kos in\u017einerijos \u0161aknys turintys Straumann gaminiai yra gerai \u017einomi d\u0117l kokyb\u0117s ir tikslumo. Novatori\u0161kos naujov\u0117s, tokios kaip SLActive\u00ae implanto pavir\u0161ius ir didelio stiprumo Roxolid\u00ae implant\u0173 med\u017eiaga, pabr\u0117\u017eia Straumann, kaip vienos novatori\u0161kiausi\u0173 implant\u0173 technologijos lyderi\u0173, pozicij\u0105.<\/p><p><strong><em>Patikimumas ir vientisumas<\/em><\/strong><\/p><p>Kalbant apie m\u016bs\u0173 implant\u0173 sprendim\u0173 patikimum\u0105, Straumann kelia auk\u0161tus kokyb\u0117s ir mokslinio vientisumo standartus. Straumann produktai buvo kruop\u0161\u010diai i\u0161bandyti ir patvirtinti ikiklinikini\u0173 ir klinikini\u0173 tyrim\u0173 metu. B\u016bdama eti\u0161ka patikima \u012fmon\u0117, \u201eStraumann\u201c did\u017eiuojasi gal\u0117dama tiekti odontologams ir j\u0173 pacientams produktus, kurie veikia ir yra pagr\u012fsti moksliniais \u012frodymais, kad gydymo rezultatai b\u016bt\u0173 patikimi ir nusp\u0117jami.<\/p>\t\t<\/div>\n\t\t\t\t\t\t<\/div>\n\t\t\t\t<\/div>\n\t\t\t\t<div class=\"elementor-element elementor-element-3df7a13 elementor-widget elementor-widget-bauen-title\" data-id=\"3df7a13\" data-element_type=\"widget\" data-widget_type=\"bauen-title.default\">\n\t\t\t\t<div class=\"elementor-widget-container\">\n\t\t\t\t\t\t\t\n\t\t\t\t\t\t\t\t<h2 class=\"section-title2 text-left\">Kainos:<\/h2>\n\t\t\t\t\t\t\t\t\t\t\t\n\t\t\n\t\t\t\n        \t\t\t\t<\/div>\n\t\t\t\t<\/div>\n\t\t\t\t<div class=\"elementor-element elementor-element-ff649a9 elementor-widget elementor-widget-shortcode\" data-id=\"ff649a9\" data-element_type=\"widget\" data-widget_type=\"shortcode.default\">\n\t\t\t\t<div class=\"elementor-widget-container\">\n\t\t\t\t\t\t\t<div class=\"elementor-shortcode\">\t\t<div data-elementor-type=\"wp-post\" data-elementor-id=\"7185\" class=\"elementor elementor-7185\">\n\t\t\t\t\t\t<section class=\"elementor-section elementor-top-section elementor-element elementor-element-0de07e9 elementor-section-boxed elementor-section-height-default elementor-section-height-default\" data-id=\"0de07e9\" data-element_type=\"section\">\n\t\t\t\t\t\t<div class=\"elementor-container elementor-column-gap-default\">\n\t\t\t\t\t<div class=\"elementor-column elementor-col-100 elementor-top-column elementor-element elementor-element-8920535\" data-id=\"8920535\" data-element_type=\"column\">\n\t\t\t<div class=\"elementor-widget-wrap\">\n\t\t\t\t\t\t\t<\/div>\n\t\t<\/div>\n\t\t\t\t\t<\/div>\n\t\t<\/section>\n\t\t\t\t<section class=\"elementor-section elementor-top-section elementor-element elementor-element-3d974e5 elementor-section-boxed elementor-section-height-default elementor-section-height-default\" data-id=\"3d974e5\" data-element_type=\"section\">\n\t\t\t\t\t\t<div class=\"elementor-container elementor-column-gap-default\">\n\t\t\t\t\t<div class=\"elementor-column elementor-col-100 elementor-top-column elementor-element elementor-element-12aad8f\" data-id=\"12aad8f\" data-element_type=\"column\">\n\t\t\t<div class=\"elementor-widget-wrap elementor-element-populated\">\n\t\t\t\t\t\t<div class=\"elementor-element elementor-element-5b0fb05 elementor-widget elementor-widget-bauen-list-icon\" data-id=\"5b0fb05\" data-element_type=\"widget\" data-widget_type=\"bauen-list-icon.default\">\n\t\t\t\t<div class=\"elementor-widget-container\">\n\t\t\t\t\t\t\t\n         <ul class=\"list-unstyled page-list mb-30\">\t\n\t\t\t\t\t\t\t<li>\n                    \t\t\t\t\t<div class=\"page-list-icon\"> <i aria-hidden=\"true\" class=\"ti-check\"><\/i> <\/div>\n\t\t\t\t\t                    <div class=\"page-list-text\">\n                        <p>Dant\u0173 implantas Straumann (\u0160veicarija) \u2013 \u00a31000<\/p>\n                    <\/div>\n                <\/li>\n\t\t\t\t\t\t\t<li>\n                    \t\t\t\t\t<div class=\"page-list-icon\"> <i aria-hidden=\"true\" class=\"ti-check\"><\/i> <\/div>\n\t\t\t\t\t                    <div class=\"page-list-text\">\n                        <p>Cirkonio kar\u016bna ant implanto \u2013 \u00a3750<\/p>\n                    <\/div>\n                <\/li>\n\t\t\t\t\t\t\t<li>\n                    \t\t\t\t\t<div class=\"page-list-icon\"> <i aria-hidden=\"true\" class=\"ti-check\"><\/i> <\/div>\n\t\t\t\t\t                    <div class=\"page-list-text\">\n                        <p>Laikinas vainik\u0117lis ant implanto \u2013 \u00a3250<\/p>\n                    <\/div>\n                <\/li>\n\t\t\t\t\t\t\t<li>\n                    \t\t\t\t\t<div class=\"page-list-icon\"> <i aria-hidden=\"true\" class=\"ti-check\"><\/i> <\/div>\n\t\t\t\t\t                    <div class=\"page-list-text\">\n                        <p>PRF proced\u016bra - \u00a3100 - \u00a3500<\/p>\n                    <\/div>\n                <\/li>\n\t\t\t\t\t\t\t<li>\n                    \t\t\t\t\t<div class=\"page-list-icon\"> <i aria-hidden=\"true\" class=\"ti-check\"><\/i> <\/div>\n\t\t\t\t\t                    <div class=\"page-list-text\">\n                        <p>Sinuso pak\u0117limas \u2013 nuo \u00a3600 iki \u00a31200<\/p>\n                    <\/div>\n                <\/li>\n\t\t\t\t\t\t\t<li>\n                    \t\t\t\t\t<div class=\"page-list-icon\"> <i aria-hidden=\"true\" class=\"ti-check\"><\/i> <\/div>\n\t\t\t\t\t                    <div class=\"page-list-text\">\n                        <p>Kaulo rekonstrukcija \u2013 nuo \u00a3300<\/p>\n                    <\/div>\n                <\/li>\n\t\t\t\t\t\t\t<li>\n                    \t\t\t\t\t<div class=\"page-list-icon\"> <i aria-hidden=\"true\" class=\"ti-check\"><\/i> <\/div>\n\t\t\t\t\t                    <div class=\"page-list-text\">\n                        <p>Implanto karun\u0117l\u0117s priver\u017eimas \u00a360 - \u00a380<\/p>\n                    <\/div>\n                <\/li>\n\t\t\t\t\t\t\t<li>\n                    \t\t\t\t\t<div class=\"page-list-icon\"> <i aria-hidden=\"true\" class=\"ti-check\"><\/i> <\/div>\n\t\t\t\t\t                    <div class=\"page-list-text\">\n                        <p>Full Arch guided implantation - \u00a37500<\/p>\n                    <\/div>\n                <\/li>\n\t\t\t\t\t\t\t<li>\n                    \t\t\t\t\t<div class=\"page-list-icon\"> <i aria-hidden=\"true\" class=\"ti-check\"><\/i> <\/div>\n\t\t\t\t\t                    <div class=\"page-list-text\">\n                        <p>Full arch permanent teeth (metal acrylic) - \u00a33500<\/p>\n                    <\/div>\n                <\/li>\n\t\t\t\t\t\t\t<li>\n                    \t\t\t\t\t<div class=\"page-list-icon\"> <i aria-hidden=\"true\" class=\"ti-check\"><\/i> <\/div>\n\t\t\t\t\t                    <div class=\"page-list-text\">\n                        <p>Full arch permanent teeth (metal ceramic) - \u00a36500<\/p>\n                    <\/div>\n                <\/li>\n\t\t\t\t\t\t\t<li>\n                    \t\t\t\t\t<div class=\"page-list-icon\"> <i aria-hidden=\"true\" class=\"ti-check\"><\/i> <\/div>\n\t\t\t\t\t                    <div class=\"page-list-text\">\n                        <p>Full arch permanent teeth (zirconia) - \u00a39500<\/p>\n                    <\/div>\n                <\/li>\n\t\t\t\t\t\n\t\t<\/ul>\n\t\t\t\n        \t\t\t\t<\/div>\n\t\t\t\t<\/div>\n\t\t\t\t<div class=\"elementor-element elementor-element-b90ca73 elementor-widget elementor-widget-bauen-text\" data-id=\"b90ca73\" data-element_type=\"widget\" data-widget_type=\"bauen-text.default\">\n\t\t\t\t<div class=\"elementor-widget-container\">\n\t\t\t\t\t\t\t<div class=\"bn-text-block clear\">\n\t\t<blockquote><p>Auk\u0161\u010diau pateiktos kainos yra orientacin\u0117s ir gali kisti pagal individualius poreikius.<\/p><\/blockquote>\t\t<\/div>\n\t\t\t\t\t\t<\/div>\n\t\t\t\t<\/div>\n\t\t\t\t\t<\/div>\n\t\t<\/div>\n\t\t\t\t\t<\/div>\n\t\t<\/section>\n\t\t\t\t<\/div>\n\t\t<\/div>\n\t\t\t\t\t\t<\/div>\n\t\t\t\t<\/div>\n\t\t\t\t\t<\/div>\n\t\t<\/div>\n\t\t\t\t\t<\/div>\n\t\t<\/section>\n\t\t\t\t<\/div>","protected":false},"excerpt":{"rendered":"<p>Dant\u0173 implantai Kas yra dant\u0173 implantas? Dant\u0173 implantas pakei\u010dia nat\u016brali\u0105 danties \u0161akn\u012f. Tai nedidelis, bet tvirtas stulpelis, pagamintas i\u0161 biologi\u0161kai suderinam\u0173 metal\u0173 ar keramikos, kuris \u012fki\u0161amas \u012f \u017eandikaul\u012f vietoje danties \u0161aknies. Implantas veikia kaip pagrindas fiksuojant pavienius vainikus, kelis dant\u0173 tiltelius arba gali b\u016bti naudojamas kaip inkaras...<\/p>","protected":false},"author":1,"featured_media":0,"parent":1563,"menu_order":0,"comment_status":"closed","ping_status":"closed","template":"","meta":{"_monsterinsights_skip_tracking":false,"_monsterinsights_sitenote_active":false,"_monsterinsights_sitenote_note":"","_monsterinsights_sitenote_category":0,"footnotes":"","_links_to":"","_links_to_target":""},"class_list":["post-6602","page","type-page","status-publish","hentry"],"aioseo_notices":[],"_links":{"self":[{"href":"https:\/\/lakesidedentist.co.uk\/lt\/wp-json\/wp\/v2\/pages\/6602","targetHints":{"allow":["GET"]}}],"collection":[{"href":"https:\/\/lakesidedentist.co.uk\/lt\/wp-json\/wp\/v2\/pages"}],"about":[{"href":"https:\/\/lakesidedentist.co.uk\/lt\/wp-json\/wp\/v2\/types\/page"}],"author":[{"embeddable":true,"href":"https:\/\/lakesidedentist.co.uk\/lt\/wp-json\/wp\/v2\/users\/1"}],"replies":[{"embeddable":true,"href":"https:\/\/lakesidedentist.co.uk\/lt\/wp-json\/wp\/v2\/comments?post=6602"}],"version-history":[{"count":0,"href":"https:\/\/lakesidedentist.co.uk\/lt\/wp-json\/wp\/v2\/pages\/6602\/revisions"}],"up":[{"embeddable":true,"href":"https:\/\/lakesidedentist.co.uk\/lt\/wp-json\/wp\/v2\/pages\/1563"}],"wp:attachment":[{"href":"https:\/\/lakesidedentist.co.uk\/lt\/wp-json\/wp\/v2\/media?parent=6602"}],"curies":[{"name":"wp","href":"https:\/\/api.w.org\/{rel}","templated":true}]}}