{"id":6682,"date":"2023-05-10T09:08:27","date_gmt":"2023-05-10T09:08:27","guid":{"rendered":"https:\/\/lakesidedentist.co.uk\/?page_id=6682"},"modified":"2025-05-09T08:44:58","modified_gmt":"2025-05-09T08:44:58","slug":"vaiku-dantu-gydymas","status":"publish","type":"page","link":"https:\/\/lakesidedentist.co.uk\/lt\/paslaugos\/vaiku-dantu-gydymas\/","title":{"rendered":"Vaik\u0173 dant\u0173 gydymas"},"content":{"rendered":"<div data-elementor-type=\"wp-page\" data-elementor-id=\"6682\" class=\"elementor elementor-6682\">\n\t\t\t\t\t\t<section class=\"elementor-section elementor-top-section elementor-element elementor-element-42ec5855 elementor-section-boxed elementor-section-height-default elementor-section-height-default\" data-id=\"42ec5855\" data-element_type=\"section\">\n\t\t\t\t\t\t<div class=\"elementor-container elementor-column-gap-default\">\n\t\t\t\t\t<div class=\"elementor-column elementor-col-100 elementor-top-column elementor-element elementor-element-5adf14e4\" data-id=\"5adf14e4\" data-element_type=\"column\">\n\t\t\t<div class=\"elementor-widget-wrap elementor-element-populated\">\n\t\t\t\t\t\t<div class=\"elementor-section elementor-inner-section elementor-element elementor-element-24eaf1dc elementor-section-full_width elementor-section-height-default elementor-section-height-default\" data-id=\"24eaf1dc\" data-element_type=\"section\">\n\t\t\t\t\t\t<div class=\"elementor-container elementor-column-gap-default\">\n\t\t\t\t\t<div class=\"elementor-column elementor-col-100 elementor-inner-column elementor-element elementor-element-7a8580f0\" data-id=\"7a8580f0\" data-element_type=\"column\">\n\t\t\t<div class=\"elementor-widget-wrap elementor-element-populated\">\n\t\t\t\t\t\t<div class=\"elementor-element elementor-element-702e15b3 elementor-widget elementor-widget-bauen-title\" data-id=\"702e15b3\" data-element_type=\"widget\" data-widget_type=\"bauen-title.default\">\n\t\t\t\t<div class=\"elementor-widget-container\">\n\t\t\t\t\t\t\t\n\t\t\t\n\t\t\t\t\t\t<h2 class=\"section-title text-left\">Vaik\u0173 <span>Dant\u0173 gydymas<\/span><\/h2>\n\t\t\t\t\n\t\t\t\t\n        \n\t\t\t\n        \t\t\t\t<\/div>\n\t\t\t\t<\/div>\n\t\t\t\t<div class=\"elementor-element elementor-element-60827e94 elementor-widget elementor-widget-bauen-text\" data-id=\"60827e94\" data-element_type=\"widget\" data-widget_type=\"bauen-text.default\">\n\t\t\t\t<div class=\"elementor-widget-container\">\n\t\t\t\t\t\t\t<div class=\"bn-text-block clear\">\n\t\t<p>Suaug\u0119 galite pasteb\u0117ti, kad lankot\u0117s pas odontolog\u0105, kai i\u0161kyla problema, kuri\u0105 nor\u0117tum\u0117te, kad pa\u017evelgtume. Su vaikais norime daug daugiau d\u0117mesio skirti b\u016bsim\u0173 problem\u0173 prevencijai, o tai rei\u0161kia, kad reikia reguliariai tikrintis.<\/p><p><strong>Vaikams si\u016blome plat\u0173 gydymo b\u016bd\u0173 pasirinkim\u0105, \u012fskaitant:<\/strong><\/p>\t\t<\/div>\n\t\t\t\t\t\t<\/div>\n\t\t\t\t<\/div>\n\t\t\t\t<div class=\"elementor-element elementor-element-8a13875 elementor-widget elementor-widget-bauen-list-icon\" data-id=\"8a13875\" data-element_type=\"widget\" data-widget_type=\"bauen-list-icon.default\">\n\t\t\t\t<div class=\"elementor-widget-container\">\n\t\t\t\t\t\t\t\n         <ul class=\"list-unstyled page-list mb-30\">\t\n\t\t\t\t\t\t\t<li>\n                    \t\t\t\t\t<div class=\"page-list-icon\"> <i aria-hidden=\"true\" class=\"ti-check\"><\/i> <\/div>\n\t\t\t\t\t                    <div class=\"page-list-text\">\n                        <p>Gydymas fluoru, kad ateityje i\u0161vengt\u0173 dant\u0173 \u0117duonies<\/p>\n                    <\/div>\n                <\/li>\n\t\t\t\t\t\t\t<li>\n                    \t\t\t\t\t<div class=\"page-list-icon\"> <i aria-hidden=\"true\" class=\"ti-check\"><\/i> <\/div>\n\t\t\t\t\t                    <div class=\"page-list-text\">\n                        <p>Korekcin\u0117s apatini\u0173 s\u0105kand\u017ei\u0173 ir dant\u0173 i\u0161lyginimo proced\u016bros<\/p>\n                    <\/div>\n                <\/li>\n\t\t\t\t\t\t\t<li>\n                    \t\t\t\t\t<div class=\"page-list-icon\"> <i aria-hidden=\"true\" class=\"ti-check\"><\/i> <\/div>\n\t\t\t\t\t                    <div class=\"page-list-text\">\n                        <p>Dant\u0173 i\u0161traukimas, kai dantys per daug susigr\u016bd\u0119<\/p>\n                    <\/div>\n                <\/li>\n\t\t\t\t\t\t\t<li>\n                    \t\t\t\t\t<div class=\"page-list-icon\"> <i aria-hidden=\"true\" class=\"ti-check\"><\/i> <\/div>\n\t\t\t\t\t                    <div class=\"page-list-text\">\n                        <p>U\u017epildai kur reikia<\/p>\n                    <\/div>\n                <\/li>\n\t\t\t\t\t\t\t<li>\n                    \t\t\t\t\t<div class=\"page-list-icon\"> <i aria-hidden=\"true\" class=\"ti-check\"><\/i> <\/div>\n\t\t\t\t\t                    <div class=\"page-list-text\">\n                        <p>\u0160aknies kanalas, kurio gali prireikti d\u0117l traumos, pvz., nelaimingo atsitikimo sportuojant<\/p>\n                    <\/div>\n                <\/li>\n\t\t\t\t\t\n\t\t<\/ul>\n\t\t\t\n        \t\t\t\t<\/div>\n\t\t\t\t<\/div>\n\t\t\t\t<div class=\"elementor-element elementor-element-99385f1 elementor-widget elementor-widget-bauen-text\" data-id=\"99385f1\" data-element_type=\"widget\" data-widget_type=\"bauen-text.default\">\n\t\t\t\t<div class=\"elementor-widget-container\">\n\t\t\t\t\t\t\t<div class=\"bn-text-block clear\">\n\t\t<h5>Kada mano vaikui tinkamas laikas prad\u0117ti lankytis pas odontolog\u0105?<\/h5><p>Idealiu atveju tur\u0117tum\u0117te prad\u0117ti ne\u0161ti savo vaik\u0105 i\u0161 karto, kai tik pamatysite, kad jam pradeda dygti pirmasis dantukas. Tai daroma tam, kad gal\u0117tume u\u017etikrinti, kad su kiekvienu i\u0161dygusiu dantimi visa pa\u017eanga b\u016bt\u0173 tokia, kokia tur\u0117t\u0173 b\u016bti. Ne tik tai, bet ir vaiko atvedimas pas mus nuo pat ma\u017eens gali pad\u0117ti jam priprasti prie kambario, vaizd\u0173, kvap\u0173 ir gars\u0173, kurie gali b\u016bti susij\u0119 su dant\u0173 gydymu. Kuo anks\u010diau jie prie to pripras, tuo ma\u017eesn\u0117 tikimyb\u0117, kad senstant jiems i\u0161sivystys fobija.<\/p>\t\t<\/div>\n\t\t\t\t\t\t<\/div>\n\t\t\t\t<\/div>\n\t\t\t\t<div class=\"elementor-element elementor-element-81034cc elementor-widget elementor-widget-bauen-title\" data-id=\"81034cc\" data-element_type=\"widget\" data-widget_type=\"bauen-title.default\">\n\t\t\t\t<div class=\"elementor-widget-container\">\n\t\t\t\t\t\t\t\n\t\t\t\t\t\t\t\t<h2 class=\"section-title2 text-left\">Kainos:<\/h2>\n\t\t\t\t\t\t\t\t\t\t\t\n\t\t\n\t\t\t\n        \t\t\t\t<\/div>\n\t\t\t\t<\/div>\n\t\t\t\t<div class=\"elementor-element elementor-element-f548942 elementor-widget elementor-widget-shortcode\" data-id=\"f548942\" data-element_type=\"widget\" data-widget_type=\"shortcode.default\">\n\t\t\t\t<div class=\"elementor-widget-container\">\n\t\t\t\t\t\t\t<div class=\"elementor-shortcode\">\t\t<div data-elementor-type=\"wp-post\" data-elementor-id=\"7171\" class=\"elementor elementor-7171\">\n\t\t\t\t\t\t<section class=\"elementor-section elementor-top-section elementor-element elementor-element-0de07e9 elementor-section-boxed elementor-section-height-default elementor-section-height-default\" data-id=\"0de07e9\" data-element_type=\"section\">\n\t\t\t\t\t\t<div class=\"elementor-container elementor-column-gap-default\">\n\t\t\t\t\t<div class=\"elementor-column elementor-col-100 elementor-top-column elementor-element elementor-element-8920535\" data-id=\"8920535\" data-element_type=\"column\">\n\t\t\t<div class=\"elementor-widget-wrap\">\n\t\t\t\t\t\t\t<\/div>\n\t\t<\/div>\n\t\t\t\t\t<\/div>\n\t\t<\/section>\n\t\t\t\t<section class=\"elementor-section elementor-top-section elementor-element elementor-element-3d974e5 elementor-section-boxed elementor-section-height-default elementor-section-height-default\" data-id=\"3d974e5\" data-element_type=\"section\">\n\t\t\t\t\t\t<div class=\"elementor-container elementor-column-gap-default\">\n\t\t\t\t\t<div class=\"elementor-column elementor-col-100 elementor-top-column elementor-element elementor-element-12aad8f\" data-id=\"12aad8f\" data-element_type=\"column\">\n\t\t\t<div class=\"elementor-widget-wrap elementor-element-populated\">\n\t\t\t\t\t\t<div class=\"elementor-element elementor-element-5b0fb05 elementor-widget elementor-widget-bauen-list-icon\" data-id=\"5b0fb05\" data-element_type=\"widget\" data-widget_type=\"bauen-list-icon.default\">\n\t\t\t\t<div class=\"elementor-widget-container\">\n\t\t\t\t\t\t\t\n         <ul class=\"list-unstyled page-list mb-30\">\t\n\t\t\t\t\t\t\t<li>\n                    \t\t\t\t\t<div class=\"page-list-icon\"> <i aria-hidden=\"true\" class=\"ti-check\"><\/i> <\/div>\n\t\t\t\t\t                    <div class=\"page-list-text\">\n                        <p>Silantas (u\u017e dant\u012f) - \u00a315<\/p>\n                    <\/div>\n                <\/li>\n\t\t\t\t\t\t\t<li>\n                    \t\t\t\t\t<div class=\"page-list-icon\"> <i aria-hidden=\"true\" class=\"ti-check\"><\/i> <\/div>\n\t\t\t\t\t                    <div class=\"page-list-text\">\n                        <p>Pieninio danties gydymas - \u00a360 - \u00a3100<\/p>\n                    <\/div>\n                <\/li>\n\t\t\t\t\t\t\t<li>\n                    \t\t\t\t\t<div class=\"page-list-icon\"> <i aria-hidden=\"true\" class=\"ti-check\"><\/i> <\/div>\n\t\t\t\t\t                    <div class=\"page-list-text\">\n                        <p>Pieninio danties \u0161alinimas \u2013 \u00a360 \u2013 \u00a3100<\/p>\n                    <\/div>\n                <\/li>\n\t\t\t\t\t\t\t<li>\n                    \t\t\t\t\t<div class=\"page-list-icon\"> <i aria-hidden=\"true\" class=\"ti-check\"><\/i> <\/div>\n\t\t\t\t\t                    <div class=\"page-list-text\">\n                        <p>Burnos higiena - \u00a360 - \u00a380<\/p>\n                    <\/div>\n                <\/li>\n\t\t\t\t\t\t\t<li>\n                    \t\t\t\t\t<div class=\"page-list-icon\"> <i aria-hidden=\"true\" class=\"ti-check\"><\/i> <\/div>\n\t\t\t\t\t                    <div class=\"page-list-text\">\n                        <p>Paskyrimo mokestis, kai vaikas nebendradarbiauja \u2013 \u00a350<\/p>\n                    <\/div>\n                <\/li>\n\t\t\t\t\t\t\t<li>\n                    \t\t\t\t\t<div class=\"page-list-icon\"> <i aria-hidden=\"true\" class=\"ti-check\"><\/i> <\/div>\n\t\t\t\t\t                    <div class=\"page-list-text\">\n                        <p>Dant\u0173 padengimas fluoro laku - \u00a320 - \u00a350<\/p>\n                    <\/div>\n                <\/li>\n\t\t\t\t\t\n\t\t<\/ul>\n\t\t\t\n        \t\t\t\t<\/div>\n\t\t\t\t<\/div>\n\t\t\t\t<div class=\"elementor-element elementor-element-0bf1beb elementor-widget elementor-widget-bauen-text\" data-id=\"0bf1beb\" data-element_type=\"widget\" data-widget_type=\"bauen-text.default\">\n\t\t\t\t<div class=\"elementor-widget-container\">\n\t\t\t\t\t\t\t<div class=\"bn-text-block clear\">\n\t\t<blockquote><p>Auk\u0161\u010diau pateiktos kainos yra orientacin\u0117s ir gali kisti pagal individualius poreikius.<\/p><\/blockquote>\t\t<\/div>\n\t\t\t\t\t\t<\/div>\n\t\t\t\t<\/div>\n\t\t\t\t\t<\/div>\n\t\t<\/div>\n\t\t\t\t\t<\/div>\n\t\t<\/section>\n\t\t\t\t<\/div>\n\t\t<\/div>\n\t\t\t\t\t\t<\/div>\n\t\t\t\t<\/div>\n\t\t\t\t\t<\/div>\n\t\t<\/div>\n\t\t\t\t\t<\/div>\n\t\t<\/div>\n\t\t\t\t<div class=\"elementor-section elementor-inner-section elementor-element elementor-element-5031ffe1 elementor-section-full_width elementor-section-height-default elementor-section-height-default\" data-id=\"5031ffe1\" data-element_type=\"section\">\n\t\t\t\t\t\t<div class=\"elementor-container elementor-column-gap-narrow\">\n\t\t\t\t\t<div class=\"elementor-column elementor-col-50 elementor-inner-column elementor-element elementor-element-62303d25\" data-id=\"62303d25\" data-element_type=\"column\">\n\t\t\t<div class=\"elementor-widget-wrap elementor-element-populated\">\n\t\t\t\t\t\t<div class=\"elementor-element elementor-element-552e57d2 elementor-widget elementor-widget-bauen-single-img-video\" data-id=\"552e57d2\" data-element_type=\"widget\" data-widget_type=\"bauen-single-img-video.default\">\n\t\t\t\t<div class=\"elementor-widget-container\">\n\t\t\t\t\t\t\t\n\t\t\n\t\t\t\n\t\t\t\t\t\t    \t\t\t\t\n\t\t\t\t\t<div class=\"sec-gallery gallery-item\">\n\t\t\t\t\t\t\n\t\t\t\t\t\t<a href=\"https:\/\/lakesidedentist.co.uk\/wp-content\/uploads\/2023\/05\/Dental-sealants-London-Poplar.jpg\" title=\"\" >\n\t\t\t\t\t\t\t<div class=\"gallery-box\">\n\t\t\t\t\t\t\t\t<div class=\"gallery-img\"> <img fetchpriority=\"high\" decoding=\"async\" width=\"800\" height=\"600\" src=\"https:\/\/lakesidedentist.co.uk\/wp-content\/uploads\/2023\/05\/Dental-sealants-London-Poplar.jpg\" class=\"attachment-full size-full wp-image-6720\" alt=\"vaik\u0173 odontologas\" srcset=\"https:\/\/lakesidedentist.co.uk\/wp-content\/uploads\/2023\/05\/Dental-sealants-London-Poplar.jpg 800w, https:\/\/lakesidedentist.co.uk\/wp-content\/uploads\/2023\/05\/Dental-sealants-London-Poplar-768x576.jpg 768w\" sizes=\"(max-width: 800px) 100vw, 800px\" \/> <\/div>\n\t\t\t\t\t\t\t<\/div>\t\t\t\t\t\t\t\t\t\n\t\t\t\t\t\t<\/a>\n\t\t\t\t\t\t\n\t\t\t\t\t<\/div>\n\t\t\t    \t\n\t\t\t\t\t\t<\/div>\n\t\t\t\t<\/div>\n\t\t\t\t\t<\/div>\n\t\t<\/div>\n\t\t\t\t<div class=\"elementor-column elementor-col-50 elementor-inner-column elementor-element elementor-element-3b512025\" data-id=\"3b512025\" data-element_type=\"column\">\n\t\t\t<div class=\"elementor-widget-wrap elementor-element-populated\">\n\t\t\t\t\t\t<div class=\"elementor-element elementor-element-1201cbc3 elementor-widget elementor-widget-bauen-single-img-video\" data-id=\"1201cbc3\" data-element_type=\"widget\" data-widget_type=\"bauen-single-img-video.default\">\n\t\t\t\t<div class=\"elementor-widget-container\">\n\t\t\t\t\t\t\t\n\t\t\n\t\t\t\n\t\t\t\t\t\t    \t\t\t\t\n\t\t\t\t\t<div class=\"sec-gallery gallery-item\">\n\t\t\t\t\t\t\n\t\t\t\t\t\t<a href=\"https:\/\/lakesidedentist.co.uk\/wp-content\/uploads\/2023\/05\/Dental-sealants-clinic-London.jpg\" title=\"\" >\n\t\t\t\t\t\t\t<div class=\"gallery-box\">\n\t\t\t\t\t\t\t\t<div class=\"gallery-img\"> <img decoding=\"async\" width=\"800\" height=\"600\" src=\"https:\/\/lakesidedentist.co.uk\/wp-content\/uploads\/2023\/05\/Dental-sealants-clinic-London.jpg\" class=\"attachment-full size-full wp-image-6719\" alt=\"\" srcset=\"https:\/\/lakesidedentist.co.uk\/wp-content\/uploads\/2023\/05\/Dental-sealants-clinic-London.jpg 800w, https:\/\/lakesidedentist.co.uk\/wp-content\/uploads\/2023\/05\/Dental-sealants-clinic-London-768x576.jpg 768w\" sizes=\"(max-width: 800px) 100vw, 800px\" \/> <\/div>\n\t\t\t\t\t\t\t<\/div>\t\t\t\t\t\t\t\t\t\n\t\t\t\t\t\t<\/a>\n\t\t\t\t\t\t\n\t\t\t\t\t<\/div>\n\t\t\t    \t\n\t\t\t\t\t\t<\/div>\n\t\t\t\t<\/div>\n\t\t\t\t\t<\/div>\n\t\t<\/div>\n\t\t\t\t\t<\/div>\n\t\t<\/div>\n\t\t\t\t\t<\/div>\n\t\t<\/div>\n\t\t\t\t\t<\/div>\n\t\t<\/section>\n\t\t\t\t<\/div>","protected":false},"excerpt":{"rendered":"<p>Vaikai Dant\u0173 gydymas Jau suaug\u0119s galite pasteb\u0117ti, kad lankot\u0117s pas odontolog\u0105, kai i\u0161kyla problema, kuri\u0105 nor\u0117tum\u0117te, kad atkreiptume d\u0117mes\u012f. Su vaikais norime daug daugiau d\u0117mesio skirti b\u016bsim\u0173 problem\u0173 prevencijai, o tai rei\u0161kia, kad reikia reguliariai tikrintis. Turime plat\u0173 proced\u016br\u0173 pasirinkim\u0105\u2026<\/p>","protected":false},"author":1,"featured_media":0,"parent":1563,"menu_order":0,"comment_status":"closed","ping_status":"closed","template":"","meta":{"_monsterinsights_skip_tracking":false,"_monsterinsights_sitenote_active":false,"_monsterinsights_sitenote_note":"","_monsterinsights_sitenote_category":0,"footnotes":"","_links_to":"","_links_to_target":""},"class_list":["post-6682","page","type-page","status-publish","hentry"],"aioseo_notices":[],"_links":{"self":[{"href":"https:\/\/lakesidedentist.co.uk\/lt\/wp-json\/wp\/v2\/pages\/6682","targetHints":{"allow":["GET"]}}],"collection":[{"href":"https:\/\/lakesidedentist.co.uk\/lt\/wp-json\/wp\/v2\/pages"}],"about":[{"href":"https:\/\/lakesidedentist.co.uk\/lt\/wp-json\/wp\/v2\/types\/page"}],"author":[{"embeddable":true,"href":"https:\/\/lakesidedentist.co.uk\/lt\/wp-json\/wp\/v2\/users\/1"}],"replies":[{"embeddable":true,"href":"https:\/\/lakesidedentist.co.uk\/lt\/wp-json\/wp\/v2\/comments?post=6682"}],"version-history":[{"count":0,"href":"https:\/\/lakesidedentist.co.uk\/lt\/wp-json\/wp\/v2\/pages\/6682\/revisions"}],"up":[{"embeddable":true,"href":"https:\/\/lakesidedentist.co.uk\/lt\/wp-json\/wp\/v2\/pages\/1563"}],"wp:attachment":[{"href":"https:\/\/lakesidedentist.co.uk\/lt\/wp-json\/wp\/v2\/media?parent=6682"}],"curies":[{"name":"wp","href":"https:\/\/api.w.org\/{rel}","templated":true}]}}