{"id":6686,"date":"2023-05-10T09:09:59","date_gmt":"2023-05-10T09:09:59","guid":{"rendered":"https:\/\/lakesidedentist.co.uk\/?page_id=6686"},"modified":"2026-01-05T18:48:52","modified_gmt":"2026-01-05T18:48:52","slug":"periodontinis-gydymas","status":"publish","type":"page","link":"https:\/\/lakesidedentist.co.uk\/lt\/paslaugos\/periodontinis-gydymas\/","title":{"rendered":"Periodonto gydymas"},"content":{"rendered":"<div data-elementor-type=\"wp-page\" data-elementor-id=\"6686\" class=\"elementor elementor-6686\">\n\t\t\t\t\t\t<section class=\"elementor-section elementor-top-section elementor-element elementor-element-42ec5855 elementor-section-boxed elementor-section-height-default elementor-section-height-default\" data-id=\"42ec5855\" data-element_type=\"section\">\n\t\t\t\t\t\t<div class=\"elementor-container elementor-column-gap-default\">\n\t\t\t\t\t<div class=\"elementor-column elementor-col-100 elementor-top-column elementor-element elementor-element-5adf14e4\" data-id=\"5adf14e4\" data-element_type=\"column\">\n\t\t\t<div class=\"elementor-widget-wrap elementor-element-populated\">\n\t\t\t\t\t\t<div class=\"elementor-section elementor-inner-section elementor-element elementor-element-24eaf1dc elementor-section-full_width elementor-section-height-default elementor-section-height-default\" data-id=\"24eaf1dc\" data-element_type=\"section\">\n\t\t\t\t\t\t<div class=\"elementor-container elementor-column-gap-default\">\n\t\t\t\t\t<div class=\"elementor-column elementor-col-100 elementor-inner-column elementor-element elementor-element-7a8580f0\" data-id=\"7a8580f0\" data-element_type=\"column\">\n\t\t\t<div class=\"elementor-widget-wrap elementor-element-populated\">\n\t\t\t\t\t\t<div class=\"elementor-element elementor-element-702e15b3 elementor-widget elementor-widget-bauen-title\" data-id=\"702e15b3\" data-element_type=\"widget\" data-widget_type=\"bauen-title.default\">\n\t\t\t\t<div class=\"elementor-widget-container\">\n\t\t\t\t\t\t\t\n\t\t\t\n\t\t\t\t\t\t<h2 class=\"section-title text-left\">Periodontinis <span>Gydymas<\/span><\/h2>\n\t\t\t\t\n\t\t\t\t\n        \n\t\t\t\n        \t\t\t\t<\/div>\n\t\t\t\t<\/div>\n\t\t\t\t<div class=\"elementor-element elementor-element-60827e94 elementor-widget elementor-widget-bauen-text\" data-id=\"60827e94\" data-element_type=\"widget\" data-widget_type=\"bauen-text.default\">\n\t\t\t\t<div class=\"elementor-widget-container\">\n\t\t\t\t\t\t\t<div class=\"bn-text-block clear\">\n\t\t<p>Danten\u0173 liga (periodontitas) rei\u0161kia infekcijos sukelt\u0105 u\u017edegimin\u012f proces\u0105, apimant\u012f dantis laikan\u010dias strukt\u016bras.<\/p><p>Ma\u017edaug 5%\u201320% bet kurios populiacijos ken\u010dia nuo sunkaus generalizuoto periodontito, nors vidutinio sunkumo periodonto liga paveikia daugum\u0105 suaugusi\u0173j\u0173.<\/p><p>\u0160i\u0105 da\u017eniausiai pasitaikan\u010di\u0105 \u017emoni\u0173 burnos lig\u0105 sukelia tam tikros bakterijos, kuri\u0173 daug\u0117ja ir pradeda daug\u0117ti virulenti\u0161kumo, kai susij\u0119 rizikos veiksniai, tokie kaip bakterij\u0173 sankaup\u0173 dauginimasis, gali netrukdomi augti po nepasiekiamomis danten\u0173 ki\u0161en\u0117mis, gamindami \u0161alutinius produktus, kurie gali paskatinti organizmo gynybin\u012f u\u017edegimin\u012f atsak\u0105. aplink dantis. \u0160i l\u0117tin\u0117 u\u017edegimin\u0117 liga gali progresuoti ir b\u0117gant metams sukelti laipsni\u0161k\u0105 kaul\u0173 sunaikinim\u0105, jei ji n\u0117ra veiksmingai gydoma.<\/p>\t\t<\/div>\n\t\t\t\t\t\t<\/div>\n\t\t\t\t<\/div>\n\t\t\t\t<div class=\"elementor-element elementor-element-130d7ae elementor-widget elementor-widget-bauen-title\" data-id=\"130d7ae\" data-element_type=\"widget\" data-widget_type=\"bauen-title.default\">\n\t\t\t\t<div class=\"elementor-widget-container\">\n\t\t\t\t\t\t\t\n\t\t\t\t\t\t\t\t<h2 class=\"section-title2 text-left\">Kainos:<\/h2>\n\t\t\t\t\t\t\t\t\t\t\t\n\t\t\n\t\t\t\n        \t\t\t\t<\/div>\n\t\t\t\t<\/div>\n\t\t\t\t<div class=\"elementor-element elementor-element-e989441 elementor-widget elementor-widget-shortcode\" data-id=\"e989441\" data-element_type=\"widget\" data-widget_type=\"shortcode.default\">\n\t\t\t\t<div class=\"elementor-widget-container\">\n\t\t\t\t\t\t\t<div class=\"elementor-shortcode\">\t\t<div data-elementor-type=\"wp-post\" data-elementor-id=\"7833\" class=\"elementor elementor-7833\">\n\t\t\t\t\t\t<section class=\"elementor-section elementor-top-section elementor-element elementor-element-0de07e9 elementor-section-boxed elementor-section-height-default elementor-section-height-default\" data-id=\"0de07e9\" data-element_type=\"section\">\n\t\t\t\t\t\t<div class=\"elementor-container elementor-column-gap-default\">\n\t\t\t\t\t<div class=\"elementor-column elementor-col-100 elementor-top-column elementor-element elementor-element-8920535\" data-id=\"8920535\" data-element_type=\"column\">\n\t\t\t<div class=\"elementor-widget-wrap\">\n\t\t\t\t\t\t\t<\/div>\n\t\t<\/div>\n\t\t\t\t\t<\/div>\n\t\t<\/section>\n\t\t\t\t<section class=\"elementor-section elementor-top-section elementor-element elementor-element-3d974e5 elementor-section-boxed elementor-section-height-default elementor-section-height-default\" data-id=\"3d974e5\" data-element_type=\"section\">\n\t\t\t\t\t\t<div class=\"elementor-container elementor-column-gap-default\">\n\t\t\t\t\t<div class=\"elementor-column elementor-col-100 elementor-top-column elementor-element elementor-element-12aad8f\" data-id=\"12aad8f\" data-element_type=\"column\">\n\t\t\t<div class=\"elementor-widget-wrap elementor-element-populated\">\n\t\t\t\t\t\t<div class=\"elementor-element elementor-element-5b0fb05 elementor-widget elementor-widget-bauen-list-icon\" data-id=\"5b0fb05\" data-element_type=\"widget\" data-widget_type=\"bauen-list-icon.default\">\n\t\t\t\t<div class=\"elementor-widget-container\">\n\t\t\t\t\t\t\t\n         <ul class=\"list-unstyled page-list mb-30\">\t\n\t\t\t\t\t\t\t<li>\n                    \t\t\t\t\t<div class=\"page-list-icon\"> <i aria-hidden=\"true\" class=\"ti-check\"><\/i> <\/div>\n\t\t\t\t\t                    <div class=\"page-list-text\">\n                        <p>Periodontal assessment - \u00a3150<\/p>\n                    <\/div>\n                <\/li>\n\t\t\t\t\t\t\t<li>\n                    \t\t\t\t\t<div class=\"page-list-icon\"> <i aria-hidden=\"true\" class=\"ti-check\"><\/i> <\/div>\n\t\t\t\t\t                    <div class=\"page-list-text\">\n                        <p>Periodontal reassessment - \u00a3110<\/p>\n                    <\/div>\n                <\/li>\n\t\t\t\t\t\t\t<li>\n                    \t\t\t\t\t<div class=\"page-list-icon\"> <i aria-hidden=\"true\" class=\"ti-check\"><\/i> <\/div>\n\t\t\t\t\t                    <div class=\"page-list-text\">\n                        <p>Oral hygiene optimization (including airflow) - \u00a3150<\/p>\n                    <\/div>\n                <\/li>\n\t\t\t\t\t\t\t<li>\n                    \t\t\t\t\t<div class=\"page-list-icon\"> <i aria-hidden=\"true\" class=\"ti-check\"><\/i> <\/div>\n\t\t\t\t\t                    <div class=\"page-list-text\">\n                        <p>Non-surgical periodontal therapy: single course - from \u00a3300 - \u00a31400<\/p>\n                    <\/div>\n                <\/li>\n\t\t\t\t\t\t\t<li>\n                    \t\t\t\t\t<div class=\"page-list-icon\"> <i aria-hidden=\"true\" class=\"ti-check\"><\/i> <\/div>\n\t\t\t\t\t                    <div class=\"page-list-text\">\n                        <p>Chirurginis periodontito gydymas, ki\u0161en\u0117s suma\u017einimas \u00a3700 - \u00a31000<\/p>\n                    <\/div>\n                <\/li>\n\t\t\t\t\t\t\t<li>\n                    \t\t\t\t\t<div class=\"page-list-icon\"> <i aria-hidden=\"true\" class=\"ti-check\"><\/i> <\/div>\n\t\t\t\t\t                    <div class=\"page-list-text\">\n                        <p>Chirurginis periodontito gydymas, regeneracinis (\u012fskaitant biomed\u017eiagas) - \u00a31000 - \u00a31200<\/p>\n                    <\/div>\n                <\/li>\n\t\t\t\t\t\t\t<li>\n                    \t\t\t\t\t<div class=\"page-list-icon\"> <i aria-hidden=\"true\" class=\"ti-check\"><\/i> <\/div>\n\t\t\t\t\t                    <div class=\"page-list-text\">\n                        <p>Palaikomoji periodonto prie\u017ei\u016bra \u2013 \u00a3250\u2013\u00a3350<\/p>\n                    <\/div>\n                <\/li>\n\t\t\t\t\t\t\t<li>\n                    \t\t\t\t\t<div class=\"page-list-icon\"> <i aria-hidden=\"true\" class=\"ti-check\"><\/i> <\/div>\n\t\t\t\t\t                    <div class=\"page-list-text\">\n                        <p>Danten\u0173 persodinimo operacija \u2013 \u00a3700\u2013\u00a31000<\/p>\n                    <\/div>\n                <\/li>\n\t\t\t\t\t\t\t<li>\n                    \t\t\t\t\t<div class=\"page-list-icon\"> <i aria-hidden=\"true\" class=\"ti-check\"><\/i> <\/div>\n\t\t\t\t\t                    <div class=\"page-list-text\">\n                        <p>Chirurginis vainiko pailginimas - \u00a3700 - \u00a31000<\/p>\n                    <\/div>\n                <\/li>\n\t\t\t\t\t\t\t<li>\n                    \t\t\t\t\t<div class=\"page-list-icon\"> <i aria-hidden=\"true\" class=\"ti-check\"><\/i> <\/div>\n\t\t\t\t\t                    <div class=\"page-list-text\">\n                        <p>Peri-implantitis treatment - from \u00a3300<\/p>\n                    <\/div>\n                <\/li>\n\t\t\t\t\t\t\t<li>\n                    \t\t\t\t\t<div class=\"page-list-icon\"> <i aria-hidden=\"true\" class=\"ti-check\"><\/i> <\/div>\n\t\t\t\t\t                    <div class=\"page-list-text\">\n                        <p>Non-surgical periodontal therapy with Hyaluronic Acid or Enamel Matrix Derivatives - from \u00a3350<\/p>\n                    <\/div>\n                <\/li>\n\t\t\t\t\t\n\t\t<\/ul>\n\t\t\t\n        \t\t\t\t<\/div>\n\t\t\t\t<\/div>\n\t\t\t\t<div class=\"elementor-element elementor-element-1e249ee elementor-widget elementor-widget-bauen-text\" data-id=\"1e249ee\" data-element_type=\"widget\" data-widget_type=\"bauen-text.default\">\n\t\t\t\t<div class=\"elementor-widget-container\">\n\t\t\t\t\t\t\t<div class=\"bn-text-block clear\">\n\t\t<blockquote><p>Auk\u0161\u010diau pateiktos kainos yra orientacin\u0117s ir gali kisti pagal individualius poreikius.<\/p><\/blockquote>\t\t<\/div>\n\t\t\t\t\t\t<\/div>\n\t\t\t\t<\/div>\n\t\t\t\t\t<\/div>\n\t\t<\/div>\n\t\t\t\t\t<\/div>\n\t\t<\/section>\n\t\t\t\t<\/div>\n\t\t<\/div>\n\t\t\t\t\t\t<\/div>\n\t\t\t\t<\/div>\n\t\t\t\t\t<\/div>\n\t\t<\/div>\n\t\t\t\t\t<\/div>\n\t\t<\/div>\n\t\t\t\t<div class=\"elementor-section elementor-inner-section elementor-element elementor-element-5031ffe1 elementor-section-full_width elementor-section-height-default elementor-section-height-default\" data-id=\"5031ffe1\" data-element_type=\"section\">\n\t\t\t\t\t\t<div class=\"elementor-container elementor-column-gap-narrow\">\n\t\t\t\t\t<div class=\"elementor-column elementor-col-50 elementor-inner-column elementor-element elementor-element-62303d25\" data-id=\"62303d25\" data-element_type=\"column\">\n\t\t\t<div class=\"elementor-widget-wrap elementor-element-populated\">\n\t\t\t\t\t\t<div class=\"elementor-element elementor-element-552e57d2 elementor-widget elementor-widget-bauen-single-img-video\" data-id=\"552e57d2\" data-element_type=\"widget\" data-widget_type=\"bauen-single-img-video.default\">\n\t\t\t\t<div class=\"elementor-widget-container\">\n\t\t\t\t\t\t\t\n\t\t\n\t\t\t\n\t\t\t\t\t\t    \t\t\t\t\n\t\t\t\t\t<div class=\"sec-gallery gallery-item\">\n\t\t\t\t\t\t\n\t\t\t\t\t\t<a href=\"https:\/\/lakesidedentist.co.uk\/wp-content\/uploads\/2026\/01\/Express-collage-1.png\" title=\"\" >\n\t\t\t\t\t\t\t<div class=\"gallery-box\">\n\t\t\t\t\t\t\t\t<div class=\"gallery-img\"> <img fetchpriority=\"high\" decoding=\"async\" width=\"1000\" height=\"1000\" src=\"https:\/\/lakesidedentist.co.uk\/wp-content\/uploads\/2026\/01\/Express-collage-1.png\" class=\"attachment-full size-full wp-image-11686\" alt=\"\" srcset=\"https:\/\/lakesidedentist.co.uk\/wp-content\/uploads\/2026\/01\/Express-collage-1.png 1000w, https:\/\/lakesidedentist.co.uk\/wp-content\/uploads\/2026\/01\/Express-collage-1-768x768.png 768w, https:\/\/lakesidedentist.co.uk\/wp-content\/uploads\/2026\/01\/Express-collage-1-12x12.png 12w\" sizes=\"(max-width: 1000px) 100vw, 1000px\" \/> <\/div>\n\t\t\t\t\t\t\t<\/div>\t\t\t\t\t\t\t\t\t\n\t\t\t\t\t\t<\/a>\n\t\t\t\t\t\t\n\t\t\t\t\t<\/div>\n\t\t\t    \t\n\t\t\t\t\t\t<\/div>\n\t\t\t\t<\/div>\n\t\t\t\t\t<\/div>\n\t\t<\/div>\n\t\t\t\t<div class=\"elementor-column elementor-col-50 elementor-inner-column elementor-element elementor-element-3b512025\" data-id=\"3b512025\" data-element_type=\"column\">\n\t\t\t<div class=\"elementor-widget-wrap elementor-element-populated\">\n\t\t\t\t\t\t<div class=\"elementor-element elementor-element-1201cbc3 elementor-widget elementor-widget-bauen-single-img-video\" data-id=\"1201cbc3\" data-element_type=\"widget\" data-widget_type=\"bauen-single-img-video.default\">\n\t\t\t\t<div class=\"elementor-widget-container\">\n\t\t\t\t\t\t\t\n\t\t\n\t\t\t\n\t\t\t\t\t\t    \t\t\t\t\n\t\t\t\t\t<div class=\"sec-gallery gallery-item\">\n\t\t\t\t\t\t\n\t\t\t\t\t\t<a href=\"https:\/\/lakesidedentist.co.uk\/wp-content\/uploads\/2026\/01\/Express-collage.png\" title=\"\" >\n\t\t\t\t\t\t\t<div class=\"gallery-box\">\n\t\t\t\t\t\t\t\t<div class=\"gallery-img\"> <img decoding=\"async\" width=\"1000\" height=\"1000\" src=\"https:\/\/lakesidedentist.co.uk\/wp-content\/uploads\/2026\/01\/Express-collage.png\" class=\"attachment-full size-full wp-image-11687\" alt=\"\" srcset=\"https:\/\/lakesidedentist.co.uk\/wp-content\/uploads\/2026\/01\/Express-collage.png 1000w, https:\/\/lakesidedentist.co.uk\/wp-content\/uploads\/2026\/01\/Express-collage-768x768.png 768w, https:\/\/lakesidedentist.co.uk\/wp-content\/uploads\/2026\/01\/Express-collage-12x12.png 12w\" sizes=\"(max-width: 1000px) 100vw, 1000px\" \/> <\/div>\n\t\t\t\t\t\t\t<\/div>\t\t\t\t\t\t\t\t\t\n\t\t\t\t\t\t<\/a>\n\t\t\t\t\t\t\n\t\t\t\t\t<\/div>\n\t\t\t    \t\n\t\t\t\t\t\t<\/div>\n\t\t\t\t<\/div>\n\t\t\t\t\t<\/div>\n\t\t<\/div>\n\t\t\t\t\t<\/div>\n\t\t<\/div>\n\t\t\t\t\t<\/div>\n\t\t<\/div>\n\t\t\t\t\t<\/div>\n\t\t<\/section>\n\t\t\t\t<\/div>","protected":false},"excerpt":{"rendered":"<p>Periodonto gydymas Danten\u0173 liga (periodontitas) \u2013 tai infekcijos sukeltas u\u017edegiminis procesas, apimantis dantis laikan\u010dias strukt\u016bras. Ma\u017edaug 5%\u201320% vis\u0173 gyventoj\u0173 ken\u010dia nuo sunkaus generalizuoto periodontito, nors vidutinio sunkumo periodonto liga paveikia daugum\u0105 suaugusi\u0173j\u0173. \u0160i\u0105 da\u017eniausiai pasitaikan\u010di\u0105 \u017emoni\u0173 burnos ertm\u0117s lig\u0105 sukelia tam tikros bakterijos, kuri\u0173 skai\u010dius ir virulenti\u0161kumas pradeda did\u0117ti, kai susij\u0119 rizikos veiksniai\u2026<\/p>","protected":false},"author":1,"featured_media":0,"parent":1563,"menu_order":0,"comment_status":"closed","ping_status":"closed","template":"","meta":{"_monsterinsights_skip_tracking":false,"_monsterinsights_sitenote_active":false,"_monsterinsights_sitenote_note":"","_monsterinsights_sitenote_category":0,"footnotes":"","_links_to":"","_links_to_target":""},"class_list":["post-6686","page","type-page","status-publish","hentry"],"aioseo_notices":[],"_links":{"self":[{"href":"https:\/\/lakesidedentist.co.uk\/lt\/wp-json\/wp\/v2\/pages\/6686","targetHints":{"allow":["GET"]}}],"collection":[{"href":"https:\/\/lakesidedentist.co.uk\/lt\/wp-json\/wp\/v2\/pages"}],"about":[{"href":"https:\/\/lakesidedentist.co.uk\/lt\/wp-json\/wp\/v2\/types\/page"}],"author":[{"embeddable":true,"href":"https:\/\/lakesidedentist.co.uk\/lt\/wp-json\/wp\/v2\/users\/1"}],"replies":[{"embeddable":true,"href":"https:\/\/lakesidedentist.co.uk\/lt\/wp-json\/wp\/v2\/comments?post=6686"}],"version-history":[{"count":0,"href":"https:\/\/lakesidedentist.co.uk\/lt\/wp-json\/wp\/v2\/pages\/6686\/revisions"}],"up":[{"embeddable":true,"href":"https:\/\/lakesidedentist.co.uk\/lt\/wp-json\/wp\/v2\/pages\/1563"}],"wp:attachment":[{"href":"https:\/\/lakesidedentist.co.uk\/lt\/wp-json\/wp\/v2\/media?parent=6686"}],"curies":[{"name":"wp","href":"https:\/\/api.w.org\/{rel}","templated":true}]}}