{"id":6688,"date":"2023-05-10T09:10:43","date_gmt":"2023-05-10T09:10:43","guid":{"rendered":"https:\/\/lakesidedentist.co.uk\/?page_id=6688"},"modified":"2025-05-09T08:43:03","modified_gmt":"2025-05-09T08:43:03","slug":"dantu-ir-burnos-chirurgija","status":"publish","type":"page","link":"https:\/\/lakesidedentist.co.uk\/lt\/paslaugos\/dantu-ir-burnos-chirurgija\/","title":{"rendered":"Dant\u0173 ir burnos chirurgija"},"content":{"rendered":"<div data-elementor-type=\"wp-page\" data-elementor-id=\"6688\" class=\"elementor elementor-6688\">\n\t\t\t\t\t\t<section class=\"elementor-section elementor-top-section elementor-element elementor-element-42ec5855 elementor-section-boxed elementor-section-height-default elementor-section-height-default\" data-id=\"42ec5855\" data-element_type=\"section\">\n\t\t\t\t\t\t<div class=\"elementor-container elementor-column-gap-default\">\n\t\t\t\t\t<div class=\"elementor-column elementor-col-100 elementor-top-column elementor-element elementor-element-5adf14e4\" data-id=\"5adf14e4\" data-element_type=\"column\">\n\t\t\t<div class=\"elementor-widget-wrap elementor-element-populated\">\n\t\t\t\t\t\t<div class=\"elementor-section elementor-inner-section elementor-element elementor-element-24eaf1dc elementor-section-full_width elementor-section-height-default elementor-section-height-default\" data-id=\"24eaf1dc\" data-element_type=\"section\">\n\t\t\t\t\t\t<div class=\"elementor-container elementor-column-gap-default\">\n\t\t\t\t\t<div class=\"elementor-column elementor-col-100 elementor-inner-column elementor-element elementor-element-7a8580f0\" data-id=\"7a8580f0\" data-element_type=\"column\">\n\t\t\t<div class=\"elementor-widget-wrap elementor-element-populated\">\n\t\t\t\t\t\t<div class=\"elementor-element elementor-element-702e15b3 elementor-widget elementor-widget-bauen-title\" data-id=\"702e15b3\" data-element_type=\"widget\" data-widget_type=\"bauen-title.default\">\n\t\t\t\t<div class=\"elementor-widget-container\">\n\t\t\t\t\t\t\t\n\t\t\t\n\t\t\t\t\t\t<h2 class=\"section-title text-left\">Dant\u0173 ir <span>Burnos chirurgija<\/span><\/h2>\n\t\t\t\t\n\t\t\t\t\n        \n\t\t\t\n        \t\t\t\t<\/div>\n\t\t\t\t<\/div>\n\t\t\t\t<div class=\"elementor-element elementor-element-60827e94 elementor-widget elementor-widget-bauen-text\" data-id=\"60827e94\" data-element_type=\"widget\" data-widget_type=\"bauen-text.default\">\n\t\t\t\t<div class=\"elementor-widget-container\">\n\t\t\t\t\t\t\t<div class=\"bn-text-block clear\">\n\t\t<p>Jei j\u016bs\u0173 dantis yra pa\u017eeistas arba suged\u0119s ir jo negalima i\u0161 prad\u017ei\u0173 pataisyti naudojant plomb\u0105 ar vainik\u0117l\u012f, j\u016bs\u0173 odontologas gali nuspr\u0119sti pa\u0161alinti (i\u0161traukti) dant\u012f kaip paskutin\u0119 priemon\u0119.<\/p><p>Protini\u0173 dant\u0173 \u0161alinimas rei\u0161kia vieno ar keli\u0173 tre\u010di\u0173j\u0173 kr\u016bmini\u0173 dant\u0173 (protini\u0173 dant\u0173) pa\u0161alinim\u0105 burnos gale. Kartais tai gali apimti chirurgin\u0119 proced\u016br\u0105.<\/p><p>J\u016bs\u0173 protiniai dantys yra paskutiniai keturi dideli \u0161lifavimo dantys (kr\u016bminiai dantys), esantys j\u016bs\u0173 burnos gale. Tik\u0117tina, kad sulauksite dvide\u0161imties, nors kai kurie \u017emon\u0117s mano, kad jie i\u0161gyvena anks\u010diau arba v\u0117liau.<\/p><p>Kartais j\u016bs\u0173 protiniai dantys i\u0161dygsta netinkamai, o tai rei\u0161kia, kad jie yra pa\u017eeisti. Tai gali sukelti problem\u0173, toki\u0173 kaip skausmas, patinimas ir infekcija. Protini\u0173 dant\u0173 i\u0161\u0117mimas gali palengvinti \u0161iuos simptomus.<\/p>\t\t<\/div>\n\t\t\t\t\t\t<\/div>\n\t\t\t\t<\/div>\n\t\t\t\t<div class=\"elementor-element elementor-element-351c6c3 elementor-widget elementor-widget-bauen-title\" data-id=\"351c6c3\" data-element_type=\"widget\" data-widget_type=\"bauen-title.default\">\n\t\t\t\t<div class=\"elementor-widget-container\">\n\t\t\t\t\t\t\t\n\t\t\t\t\t\t\t\t<h2 class=\"section-title2 text-left\">Kainos:<\/h2>\n\t\t\t\t\t\t\t\t\t\t\t\n\t\t\n\t\t\t\n        \t\t\t\t<\/div>\n\t\t\t\t<\/div>\n\t\t\t\t<div class=\"elementor-element elementor-element-38bfd3a elementor-widget elementor-widget-shortcode\" data-id=\"38bfd3a\" data-element_type=\"widget\" data-widget_type=\"shortcode.default\">\n\t\t\t\t<div class=\"elementor-widget-container\">\n\t\t\t\t\t\t\t<div class=\"elementor-shortcode\">\t\t<div data-elementor-type=\"wp-post\" data-elementor-id=\"7176\" class=\"elementor elementor-7176\">\n\t\t\t\t\t\t<section class=\"elementor-section elementor-top-section elementor-element elementor-element-0de07e9 elementor-section-boxed elementor-section-height-default elementor-section-height-default\" data-id=\"0de07e9\" data-element_type=\"section\">\n\t\t\t\t\t\t<div class=\"elementor-container elementor-column-gap-default\">\n\t\t\t\t\t<div class=\"elementor-column elementor-col-100 elementor-top-column elementor-element elementor-element-8920535\" data-id=\"8920535\" data-element_type=\"column\">\n\t\t\t<div class=\"elementor-widget-wrap\">\n\t\t\t\t\t\t\t<\/div>\n\t\t<\/div>\n\t\t\t\t\t<\/div>\n\t\t<\/section>\n\t\t\t\t<section class=\"elementor-section elementor-top-section elementor-element elementor-element-3d974e5 elementor-section-boxed elementor-section-height-default elementor-section-height-default\" data-id=\"3d974e5\" data-element_type=\"section\">\n\t\t\t\t\t\t<div class=\"elementor-container elementor-column-gap-default\">\n\t\t\t\t\t<div class=\"elementor-column elementor-col-100 elementor-top-column elementor-element elementor-element-12aad8f\" data-id=\"12aad8f\" data-element_type=\"column\">\n\t\t\t<div class=\"elementor-widget-wrap elementor-element-populated\">\n\t\t\t\t\t\t<div class=\"elementor-element elementor-element-5b0fb05 elementor-widget elementor-widget-bauen-list-icon\" data-id=\"5b0fb05\" data-element_type=\"widget\" data-widget_type=\"bauen-list-icon.default\">\n\t\t\t\t<div class=\"elementor-widget-container\">\n\t\t\t\t\t\t\t\n         <ul class=\"list-unstyled page-list mb-30\">\t\n\t\t\t\t\t\t\t<li>\n                    \t\t\t\t\t<div class=\"page-list-icon\"> <i aria-hidden=\"true\" class=\"ti-check\"><\/i> <\/div>\n\t\t\t\t\t                    <div class=\"page-list-text\">\n                        <p>Nesud\u0117tingas danties \u0161alinimas - \u00a3100\u2013\u00a3200<\/p>\n                    <\/div>\n                <\/li>\n\t\t\t\t\t\t\t<li>\n                    \t\t\t\t\t<div class=\"page-list-icon\"> <i aria-hidden=\"true\" class=\"ti-check\"><\/i> <\/div>\n\t\t\t\t\t                    <div class=\"page-list-text\">\n                        <p>Complex\/surgical tooth extraction (including wisdom teeth) - \u00a3200 - \u00a3500<\/p>\n                    <\/div>\n                <\/li>\n\t\t\t\t\t\t\t<li>\n                    \t\t\t\t\t<div class=\"page-list-icon\"> <i aria-hidden=\"true\" class=\"ti-check\"><\/i> <\/div>\n\t\t\t\t\t                    <div class=\"page-list-text\">\n                        <p>P\u016blinio pj\u016bvis nuo - \u00a360<\/p>\n                    <\/div>\n                <\/li>\n\t\t\t\t\t\t\t<li>\n                    \t\t\t\t\t<div class=\"page-list-icon\"> <i aria-hidden=\"true\" class=\"ti-check\"><\/i> <\/div>\n\t\t\t\t\t                    <div class=\"page-list-text\">\n                        <p>Sutures removal - \u00a350<\/p>\n                    <\/div>\n                <\/li>\n\t\t\t\t\t\t\t<li>\n                    \t\t\t\t\t<div class=\"page-list-icon\"> <i aria-hidden=\"true\" class=\"ti-check\"><\/i> <\/div>\n\t\t\t\t\t                    <div class=\"page-list-text\">\n                        <p>\u0160aknies vir\u0161\u016bn\u0117s rezekcija \u2013 \u00a3200<\/p>\n                    <\/div>\n                <\/li>\n\t\t\t\t\t\t\t<li>\n                    \t\t\t\t\t<div class=\"page-list-icon\"> <i aria-hidden=\"true\" class=\"ti-check\"><\/i> <\/div>\n\t\t\t\t\t                    <div class=\"page-list-text\">\n                        <p>Danties vainiko pailginimo operacija (1 dantis) nuo -\u00a3100<\/p>\n                    <\/div>\n                <\/li>\n\t\t\t\t\t\t\t<li>\n                    \t\t\t\t\t<div class=\"page-list-icon\"> <i aria-hidden=\"true\" class=\"ti-check\"><\/i> <\/div>\n\t\t\t\t\t                    <div class=\"page-list-text\">\n                        <p>Gingivektomija nuo - \u00a3120<\/p>\n                    <\/div>\n                <\/li>\n\t\t\t\t\t\t\t<li>\n                    \t\t\t\t\t<div class=\"page-list-icon\"> <i aria-hidden=\"true\" class=\"ti-check\"><\/i> <\/div>\n\t\t\t\t\t                    <div class=\"page-list-text\">\n                        <p>Recesijos dengimas nuosavu autotransplantatu (1 dantis) \u2013 nuo \u00a3700<\/p>\n                    <\/div>\n                <\/li>\n\t\t\t\t\t\n\t\t<\/ul>\n\t\t\t\n        \t\t\t\t<\/div>\n\t\t\t\t<\/div>\n\t\t\t\t<div class=\"elementor-element elementor-element-0bf1beb elementor-widget elementor-widget-bauen-text\" data-id=\"0bf1beb\" data-element_type=\"widget\" data-widget_type=\"bauen-text.default\">\n\t\t\t\t<div class=\"elementor-widget-container\">\n\t\t\t\t\t\t\t<div class=\"bn-text-block clear\">\n\t\t<blockquote><p>Auk\u0161\u010diau pateiktos kainos yra orientacin\u0117s ir gali kisti pagal individualius poreikius.<\/p><\/blockquote>\t\t<\/div>\n\t\t\t\t\t\t<\/div>\n\t\t\t\t<\/div>\n\t\t\t\t\t<\/div>\n\t\t<\/div>\n\t\t\t\t\t<\/div>\n\t\t<\/section>\n\t\t\t\t<\/div>\n\t\t<\/div>\n\t\t\t\t\t\t<\/div>\n\t\t\t\t<\/div>\n\t\t\t\t\t<\/div>\n\t\t<\/div>\n\t\t\t\t\t<\/div>\n\t\t<\/div>\n\t\t\t\t<div class=\"elementor-section elementor-inner-section elementor-element elementor-element-5031ffe1 elementor-section-full_width elementor-section-height-default elementor-section-height-default\" data-id=\"5031ffe1\" data-element_type=\"section\">\n\t\t\t\t\t\t<div class=\"elementor-container elementor-column-gap-narrow\">\n\t\t\t\t\t<div class=\"elementor-column elementor-col-50 elementor-inner-column elementor-element elementor-element-62303d25\" data-id=\"62303d25\" data-element_type=\"column\">\n\t\t\t<div class=\"elementor-widget-wrap elementor-element-populated\">\n\t\t\t\t\t\t<div class=\"elementor-element elementor-element-552e57d2 elementor-widget elementor-widget-bauen-single-img-video\" data-id=\"552e57d2\" data-element_type=\"widget\" data-widget_type=\"bauen-single-img-video.default\">\n\t\t\t\t<div class=\"elementor-widget-container\">\n\t\t\t\t\t\t\t\n\t\t\n\t\t\t\n\t\t\t\t\t\t    \t\t\t\t\n\t\t\t\t\t<div class=\"sec-gallery gallery-item\">\n\t\t\t\t\t\t\n\t\t\t\t\t\t<a href=\"https:\/\/lakesidedentist.co.uk\/wp-content\/uploads\/2023\/05\/Dental-hygiene-London-Poplar.jpg\" title=\"\" >\n\t\t\t\t\t\t\t<div class=\"gallery-box\">\n\t\t\t\t\t\t\t\t<div class=\"gallery-img\"> <img fetchpriority=\"high\" decoding=\"async\" width=\"800\" height=\"600\" src=\"https:\/\/lakesidedentist.co.uk\/wp-content\/uploads\/2023\/05\/Dental-hygiene-London-Poplar.jpg\" class=\"attachment-full size-full wp-image-6752\" alt=\"dant\u0173 chirurgija\" srcset=\"https:\/\/lakesidedentist.co.uk\/wp-content\/uploads\/2023\/05\/Dental-hygiene-London-Poplar.jpg 800w, https:\/\/lakesidedentist.co.uk\/wp-content\/uploads\/2023\/05\/Dental-hygiene-London-Poplar-768x576.jpg 768w\" sizes=\"(max-width: 800px) 100vw, 800px\" \/> <\/div>\n\t\t\t\t\t\t\t<\/div>\t\t\t\t\t\t\t\t\t\n\t\t\t\t\t\t<\/a>\n\t\t\t\t\t\t\n\t\t\t\t\t<\/div>\n\t\t\t    \t\n\t\t\t\t\t\t<\/div>\n\t\t\t\t<\/div>\n\t\t\t\t\t<\/div>\n\t\t<\/div>\n\t\t\t\t<div class=\"elementor-column elementor-col-50 elementor-inner-column elementor-element elementor-element-3b512025\" data-id=\"3b512025\" data-element_type=\"column\">\n\t\t\t<div class=\"elementor-widget-wrap elementor-element-populated\">\n\t\t\t\t\t\t<div class=\"elementor-element elementor-element-1201cbc3 elementor-widget elementor-widget-bauen-single-img-video\" data-id=\"1201cbc3\" data-element_type=\"widget\" data-widget_type=\"bauen-single-img-video.default\">\n\t\t\t\t<div class=\"elementor-widget-container\">\n\t\t\t\t\t\t\t\n\t\t\n\t\t\t\n\t\t\t\t\t\t    \t\t\t\t\n\t\t\t\t\t<div class=\"sec-gallery gallery-item\">\n\t\t\t\t\t\t\n\t\t\t\t\t\t<a href=\"https:\/\/lakesidedentist.co.uk\/wp-content\/uploads\/2023\/05\/Dental-hygiene-London-clinic-Poplar.jpg\" title=\"\" >\n\t\t\t\t\t\t\t<div class=\"gallery-box\">\n\t\t\t\t\t\t\t\t<div class=\"gallery-img\"> <img decoding=\"async\" width=\"800\" height=\"600\" src=\"https:\/\/lakesidedentist.co.uk\/wp-content\/uploads\/2023\/05\/Dental-hygiene-London-clinic-Poplar.jpg\" class=\"attachment-full size-full wp-image-6751\" alt=\"\" srcset=\"https:\/\/lakesidedentist.co.uk\/wp-content\/uploads\/2023\/05\/Dental-hygiene-London-clinic-Poplar.jpg 800w, https:\/\/lakesidedentist.co.uk\/wp-content\/uploads\/2023\/05\/Dental-hygiene-London-clinic-Poplar-768x576.jpg 768w\" sizes=\"(max-width: 800px) 100vw, 800px\" \/> <\/div>\n\t\t\t\t\t\t\t<\/div>\t\t\t\t\t\t\t\t\t\n\t\t\t\t\t\t<\/a>\n\t\t\t\t\t\t\n\t\t\t\t\t<\/div>\n\t\t\t    \t\n\t\t\t\t\t\t<\/div>\n\t\t\t\t<\/div>\n\t\t\t\t\t<\/div>\n\t\t<\/div>\n\t\t\t\t\t<\/div>\n\t\t<\/div>\n\t\t\t\t\t<\/div>\n\t\t<\/div>\n\t\t\t\t\t<\/div>\n\t\t<\/section>\n\t\t\t\t<\/div>","protected":false},"excerpt":{"rendered":"<p>Dant\u0173 ir burnos chirurgija Jei j\u016bs\u0173 dantis yra pa\u017eeistas arba suged\u0119s ir jo negalima i\u0161 prad\u017ei\u0173 pataisyti plomba ar vainik\u0117liu, j\u016bs\u0173 odontologas gali nuspr\u0119sti pa\u0161alinti (i\u0161traukti) dant\u012f kaip paskutin\u0119 priemon\u0119. Protini\u0173 dant\u0173 \u0161alinimas rei\u0161kia vieno ar keli\u0173 tre\u010di\u0173j\u0173 kr\u016bmini\u0173 dant\u0173 (protini\u0173 dant\u0173) pa\u0161alinim\u0105 burnos gale. Tai kartais gali\u2026<\/p>","protected":false},"author":1,"featured_media":0,"parent":1563,"menu_order":0,"comment_status":"closed","ping_status":"closed","template":"","meta":{"_monsterinsights_skip_tracking":false,"_monsterinsights_sitenote_active":false,"_monsterinsights_sitenote_note":"","_monsterinsights_sitenote_category":0,"footnotes":"","_links_to":"","_links_to_target":""},"class_list":["post-6688","page","type-page","status-publish","hentry"],"aioseo_notices":[],"_links":{"self":[{"href":"https:\/\/lakesidedentist.co.uk\/lt\/wp-json\/wp\/v2\/pages\/6688","targetHints":{"allow":["GET"]}}],"collection":[{"href":"https:\/\/lakesidedentist.co.uk\/lt\/wp-json\/wp\/v2\/pages"}],"about":[{"href":"https:\/\/lakesidedentist.co.uk\/lt\/wp-json\/wp\/v2\/types\/page"}],"author":[{"embeddable":true,"href":"https:\/\/lakesidedentist.co.uk\/lt\/wp-json\/wp\/v2\/users\/1"}],"replies":[{"embeddable":true,"href":"https:\/\/lakesidedentist.co.uk\/lt\/wp-json\/wp\/v2\/comments?post=6688"}],"version-history":[{"count":0,"href":"https:\/\/lakesidedentist.co.uk\/lt\/wp-json\/wp\/v2\/pages\/6688\/revisions"}],"up":[{"embeddable":true,"href":"https:\/\/lakesidedentist.co.uk\/lt\/wp-json\/wp\/v2\/pages\/1563"}],"wp:attachment":[{"href":"https:\/\/lakesidedentist.co.uk\/lt\/wp-json\/wp\/v2\/media?parent=6688"}],"curies":[{"name":"wp","href":"https:\/\/api.w.org\/{rel}","templated":true}]}}