{"id":6690,"date":"2023-05-10T09:11:28","date_gmt":"2023-05-10T09:11:28","guid":{"rendered":"https:\/\/lakesidedentist.co.uk\/?page_id=6690"},"modified":"2025-06-11T08:54:03","modified_gmt":"2025-06-11T08:54:03","slug":"endodontinis-gydymas","status":"publish","type":"page","link":"https:\/\/lakesidedentist.co.uk\/lt\/paslaugos\/endodontinis-gydymas\/","title":{"rendered":"Endodontinis gydymas"},"content":{"rendered":"<div data-elementor-type=\"wp-page\" data-elementor-id=\"6690\" class=\"elementor elementor-6690\">\n\t\t\t\t\t\t<section class=\"elementor-section elementor-top-section elementor-element elementor-element-42ec5855 elementor-section-boxed elementor-section-height-default elementor-section-height-default\" data-id=\"42ec5855\" data-element_type=\"section\">\n\t\t\t\t\t\t<div class=\"elementor-container elementor-column-gap-default\">\n\t\t\t\t\t<div class=\"elementor-column elementor-col-100 elementor-top-column elementor-element elementor-element-5adf14e4\" data-id=\"5adf14e4\" data-element_type=\"column\">\n\t\t\t<div class=\"elementor-widget-wrap elementor-element-populated\">\n\t\t\t\t\t\t<div class=\"elementor-section elementor-inner-section elementor-element elementor-element-24eaf1dc elementor-section-full_width elementor-section-height-default elementor-section-height-default\" data-id=\"24eaf1dc\" data-element_type=\"section\">\n\t\t\t\t\t\t<div class=\"elementor-container elementor-column-gap-default\">\n\t\t\t\t\t<div class=\"elementor-column elementor-col-100 elementor-inner-column elementor-element elementor-element-7a8580f0\" data-id=\"7a8580f0\" data-element_type=\"column\">\n\t\t\t<div class=\"elementor-widget-wrap elementor-element-populated\">\n\t\t\t\t\t\t<div class=\"elementor-element elementor-element-702e15b3 elementor-widget elementor-widget-bauen-title\" data-id=\"702e15b3\" data-element_type=\"widget\" data-widget_type=\"bauen-title.default\">\n\t\t\t\t<div class=\"elementor-widget-container\">\n\t\t\t\t\t\t\t\n\t\t\t\n\t\t\t\t\t\t<h2 class=\"section-title text-left\">Endodontinis <span>GYDYMAS<\/span><\/h2>\n\t\t\t\t\n\t\t\t\t\n        \n\t\t\t\n        \t\t\t\t<\/div>\n\t\t\t\t<\/div>\n\t\t\t\t<div class=\"elementor-element elementor-element-60827e94 elementor-widget elementor-widget-bauen-text\" data-id=\"60827e94\" data-element_type=\"widget\" data-widget_type=\"bauen-text.default\">\n\t\t\t\t<div class=\"elementor-widget-container\">\n\t\t\t\t\t\t\t<div class=\"bn-text-block clear\">\n\t\t<p>\u201eEndo\u201c yra graiki\u0161kas \u017eodis \u201eviduje\u201c, o \u201eodont\u201c \u2013 \u201edantis\u201c. Endodontiniu gydymu gydoma danties vidus. Danties viduje, po baltu emaliu ir kietu sluoksniu, vadinamu dentinu, yra mink\u0161tasis audinys, vadinamas pulpa. Pulpoje yra kraujagysl\u0117s, nervai ir jungiamasis audinys, o vystymosi metu susidaro aplinkiniai kietieji danties audiniai. Pulpa t\u0119siasi nuo danties vainiko iki \u0161akn\u0173 galiuko, kur jungiasi su \u0161aknis supan\u010diais audiniais. Pulpa yra svarbi danties augimo ir vystymosi metu. Kai dantis yra visi\u0161kai subrend\u0119s, jis gali i\u0161gyventi be pulpos, nes dantis ir toliau maitinamas j\u012f supan\u010di\u0173 audini\u0173.<\/p><p>Endodontinis gydymas b\u016btinas, kai pulpa u\u017edegama ar u\u017esikre\u010dia. U\u017edegim\u0105 ar infekcij\u0105 gali sukelti \u012fvairios prie\u017eastys: gilus \u0117duonis, kartotin\u0117s danties odontologin\u0117s proced\u016bros arba danties \u012ftr\u016bkimas ar dro\u017el\u0117. Be to, sm\u016bgis \u012f dant\u012f gali pa\u017eeisti pulp\u0105, net jei dantis n\u0117ra matom\u0173 dro\u017eli\u0173 ar \u012ftr\u016bkim\u0173. Jei pulpos u\u017edegimas ar infekcija negydomi, tai gali sukelti skausm\u0105 arba sukelti absces\u0105. Pulpos pa\u017eeidimo po\u017eymiai yra skausmas, ilgalaikis jautrumas kar\u0161\u010diui ar \u0161al\u010diui, danties spalvos pakitimas, \u0161alia esan\u010di\u0173 danten\u0173 patinimas ir jautrumas. Kartais simptom\u0173 n\u0117ra.<\/p><p>Endodontin\u0117 terapija \u2013 tai danties pulpos gydymo seka, kurios metu pa\u0161alinama infekcija ir apsaugotas dekontaminuotas dantis nuo b\u016bsimos mikrob\u0173 invazijos. \u0160is proced\u016br\u0173 rinkinys paprastai vadinamas \u201e\u0161aknies kanalu\u201c. \u0160akn\u0173 kanalai ir su jais susijusi pulpos kamera yra fizin\u0117s danties \u012fdubos, kuriose nat\u016braliai gyvena nervinis audinys, kraujagysl\u0117s ir kiti l\u0105steli\u0173 dariniai.<\/p><p>Endodontin\u0117 terapija apima \u0161i\u0173 strukt\u016br\u0173 pa\u0161alinim\u0105, v\u0117lesn\u012f \u012fdub\u0173 valym\u0105, formavim\u0105 ir nukenksminim\u0105 ma\u017eyt\u0117mis dild\u0117mis ir dr\u0117kinimo tirpalais bei nukenksmint\u0173 kanal\u0173 u\u017ekim\u0161im\u0105 (u\u017epildym\u0105) inertiniu u\u017epildu, pavyzd\u017eiui, gutaper\u010da ir paprastai eugenoliu. cemento pagrindu.<\/p><p>Gydytojas endodontas pa\u0161alina u\u017edegusi\u0105 ar u\u017ekr\u0117st\u0105 pulp\u0105, prie\u0161 tai kruop\u0161\u010diai i\u0161valydamas ir formuodamas danties vid\u0173, tada u\u017epildo ir u\u017eplombuoja tarp\u0105. Po to gr\u012f\u0161ite pas odontolog\u0105, kuris ant danties u\u017ed\u0117s kar\u016bn\u0117l\u0119 arba restauracij\u0105, kad apsaugot\u0173 ir atkurt\u0173 visas funkcijas. Po restauracijos dantis funkcionuoja kaip ir bet kuris kitas dantis.<\/p>\t\t<\/div>\n\t\t\t\t\t\t<\/div>\n\t\t\t\t<\/div>\n\t\t\t\t<div class=\"elementor-element elementor-element-2dc2db9 elementor-widget elementor-widget-bauen-title\" data-id=\"2dc2db9\" data-element_type=\"widget\" data-widget_type=\"bauen-title.default\">\n\t\t\t\t<div class=\"elementor-widget-container\">\n\t\t\t\t\t\t\t\n\t\t\t\t\t\t\t\t<h2 class=\"section-title2 text-left\">Kainos:<\/h2>\n\t\t\t\t\t\t\t\t\t\t\t\n\t\t\n\t\t\t\n        \t\t\t\t<\/div>\n\t\t\t\t<\/div>\n\t\t\t\t<div class=\"elementor-element elementor-element-a5c02cf elementor-widget elementor-widget-shortcode\" data-id=\"a5c02cf\" data-element_type=\"widget\" data-widget_type=\"shortcode.default\">\n\t\t\t\t<div class=\"elementor-widget-container\">\n\t\t\t\t\t\t\t<div class=\"elementor-shortcode\">\t\t<div data-elementor-type=\"wp-post\" data-elementor-id=\"7807\" class=\"elementor elementor-7807\">\n\t\t\t\t\t\t<section class=\"elementor-section elementor-top-section elementor-element elementor-element-0de07e9 elementor-section-boxed elementor-section-height-default elementor-section-height-default\" data-id=\"0de07e9\" data-element_type=\"section\">\n\t\t\t\t\t\t<div class=\"elementor-container elementor-column-gap-default\">\n\t\t\t\t\t<div class=\"elementor-column elementor-col-100 elementor-top-column elementor-element elementor-element-8920535\" data-id=\"8920535\" data-element_type=\"column\">\n\t\t\t<div class=\"elementor-widget-wrap\">\n\t\t\t\t\t\t\t<\/div>\n\t\t<\/div>\n\t\t\t\t\t<\/div>\n\t\t<\/section>\n\t\t\t\t<section class=\"elementor-section elementor-top-section elementor-element elementor-element-3d974e5 elementor-section-boxed elementor-section-height-default elementor-section-height-default\" data-id=\"3d974e5\" data-element_type=\"section\">\n\t\t\t\t\t\t<div class=\"elementor-container elementor-column-gap-default\">\n\t\t\t\t\t<div class=\"elementor-column elementor-col-100 elementor-top-column elementor-element elementor-element-12aad8f\" data-id=\"12aad8f\" data-element_type=\"column\">\n\t\t\t<div class=\"elementor-widget-wrap elementor-element-populated\">\n\t\t\t\t\t\t<div class=\"elementor-element elementor-element-5b0fb05 elementor-widget elementor-widget-bauen-list-icon\" data-id=\"5b0fb05\" data-element_type=\"widget\" data-widget_type=\"bauen-list-icon.default\">\n\t\t\t\t<div class=\"elementor-widget-container\">\n\t\t\t\t\t\t\t\n         <ul class=\"list-unstyled page-list mb-30\">\t\n\t\t\t\t\t\t\t<li>\n                    \t\t\t\t\t<div class=\"page-list-icon\"> <i aria-hidden=\"true\" class=\"ti-check\"><\/i> <\/div>\n\t\t\t\t\t                    <div class=\"page-list-text\">\n                        <p>Danties \u0161akn\u0173 kanal\u0173 gydymas \u2013 \u00a3300\u2013\u00a3700<\/p>\n                    <\/div>\n                <\/li>\n\t\t\t\t\t\t\t<li>\n                    \t\t\t\t\t<div class=\"page-list-icon\"> <i aria-hidden=\"true\" class=\"ti-check\"><\/i> <\/div>\n\t\t\t\t\t                    <div class=\"page-list-text\">\n                        <p>Danties \u0161akn\u0173 kanal\u0173 pergydymas \u2013 \u00a3400 - \u00a3800<\/p>\n                    <\/div>\n                <\/li>\n\t\t\t\t\t\n\t\t<\/ul>\n\t\t\t\n        \t\t\t\t<\/div>\n\t\t\t\t<\/div>\n\t\t\t\t<div class=\"elementor-element elementor-element-0bf1beb elementor-widget elementor-widget-bauen-text\" data-id=\"0bf1beb\" data-element_type=\"widget\" data-widget_type=\"bauen-text.default\">\n\t\t\t\t<div class=\"elementor-widget-container\">\n\t\t\t\t\t\t\t<div class=\"bn-text-block clear\">\n\t\t<blockquote><p>Auk\u0161\u010diau pateiktos kainos yra orientacin\u0117s ir gali kisti pagal individualius poreikius.<\/p><\/blockquote>\t\t<\/div>\n\t\t\t\t\t\t<\/div>\n\t\t\t\t<\/div>\n\t\t\t\t\t<\/div>\n\t\t<\/div>\n\t\t\t\t\t<\/div>\n\t\t<\/section>\n\t\t\t\t<\/div>\n\t\t<\/div>\n\t\t\t\t\t\t<\/div>\n\t\t\t\t<\/div>\n\t\t\t\t\t<\/div>\n\t\t<\/div>\n\t\t\t\t\t<\/div>\n\t\t<\/div>\n\t\t\t\t<div class=\"elementor-section elementor-inner-section elementor-element elementor-element-5031ffe1 elementor-section-full_width elementor-section-height-default elementor-section-height-default\" data-id=\"5031ffe1\" data-element_type=\"section\">\n\t\t\t\t\t\t<div class=\"elementor-container elementor-column-gap-narrow\">\n\t\t\t\t\t<div class=\"elementor-column elementor-col-50 elementor-inner-column elementor-element elementor-element-62303d25\" data-id=\"62303d25\" data-element_type=\"column\">\n\t\t\t<div class=\"elementor-widget-wrap elementor-element-populated\">\n\t\t\t\t\t\t<div class=\"elementor-element elementor-element-552e57d2 elementor-widget elementor-widget-bauen-single-img-video\" data-id=\"552e57d2\" data-element_type=\"widget\" data-widget_type=\"bauen-single-img-video.default\">\n\t\t\t\t<div class=\"elementor-widget-container\">\n\t\t\t\t\t\t\t\n\t\t\n\t\t\t\n\t\t\t\t\t\t    \t\t\t\t\n\t\t\t\t\t<div class=\"sec-gallery gallery-item\">\n\t\t\t\t\t\t\n\t\t\t\t\t\t<a href=\"https:\/\/lakesidedentist.co.uk\/wp-content\/uploads\/2023\/05\/Endodontic-treatment-London-Poplar-1.jpg\" title=\"\" >\n\t\t\t\t\t\t\t<div class=\"gallery-box\">\n\t\t\t\t\t\t\t\t<div class=\"gallery-img\"> <img fetchpriority=\"high\" decoding=\"async\" width=\"800\" height=\"600\" src=\"https:\/\/lakesidedentist.co.uk\/wp-content\/uploads\/2023\/05\/Endodontic-treatment-London-Poplar-1.jpg\" class=\"attachment-full size-full wp-image-6756\" alt=\"Endodontinis gydymas\" srcset=\"https:\/\/lakesidedentist.co.uk\/wp-content\/uploads\/2023\/05\/Endodontic-treatment-London-Poplar-1.jpg 800w, https:\/\/lakesidedentist.co.uk\/wp-content\/uploads\/2023\/05\/Endodontic-treatment-London-Poplar-1-768x576.jpg 768w\" sizes=\"(max-width: 800px) 100vw, 800px\" \/> <\/div>\n\t\t\t\t\t\t\t<\/div>\t\t\t\t\t\t\t\t\t\n\t\t\t\t\t\t<\/a>\n\t\t\t\t\t\t\n\t\t\t\t\t<\/div>\n\t\t\t    \t\n\t\t\t\t\t\t<\/div>\n\t\t\t\t<\/div>\n\t\t\t\t\t<\/div>\n\t\t<\/div>\n\t\t\t\t<div class=\"elementor-column elementor-col-50 elementor-inner-column elementor-element elementor-element-3b512025\" data-id=\"3b512025\" data-element_type=\"column\">\n\t\t\t<div class=\"elementor-widget-wrap elementor-element-populated\">\n\t\t\t\t\t\t<div class=\"elementor-element elementor-element-1201cbc3 elementor-widget elementor-widget-bauen-single-img-video\" data-id=\"1201cbc3\" data-element_type=\"widget\" data-widget_type=\"bauen-single-img-video.default\">\n\t\t\t\t<div class=\"elementor-widget-container\">\n\t\t\t\t\t\t\t\n\t\t\n\t\t\t\n\t\t\t\t\t\t    \t\t\t\t\n\t\t\t\t\t<div class=\"sec-gallery gallery-item\">\n\t\t\t\t\t\t\n\t\t\t\t\t\t<a href=\"https:\/\/lakesidedentist.co.uk\/wp-content\/uploads\/2023\/05\/Endodontic-treatment-London-Poplar-Clinic.jpg\" title=\"\" >\n\t\t\t\t\t\t\t<div class=\"gallery-box\">\n\t\t\t\t\t\t\t\t<div class=\"gallery-img\"> <img decoding=\"async\" width=\"800\" height=\"600\" src=\"https:\/\/lakesidedentist.co.uk\/wp-content\/uploads\/2023\/05\/Endodontic-treatment-London-Poplar-Clinic.jpg\" class=\"attachment-full size-full wp-image-6757\" alt=\"\" srcset=\"https:\/\/lakesidedentist.co.uk\/wp-content\/uploads\/2023\/05\/Endodontic-treatment-London-Poplar-Clinic.jpg 800w, https:\/\/lakesidedentist.co.uk\/wp-content\/uploads\/2023\/05\/Endodontic-treatment-London-Poplar-Clinic-768x576.jpg 768w\" sizes=\"(max-width: 800px) 100vw, 800px\" \/> <\/div>\n\t\t\t\t\t\t\t<\/div>\t\t\t\t\t\t\t\t\t\n\t\t\t\t\t\t<\/a>\n\t\t\t\t\t\t\n\t\t\t\t\t<\/div>\n\t\t\t    \t\n\t\t\t\t\t\t<\/div>\n\t\t\t\t<\/div>\n\t\t\t\t\t<\/div>\n\t\t<\/div>\n\t\t\t\t\t<\/div>\n\t\t<\/div>\n\t\t\t\t\t<\/div>\n\t\t<\/div>\n\t\t\t\t\t<\/div>\n\t\t<\/section>\n\t\t\t\t<\/div>","protected":false},"excerpt":{"rendered":"<p>Endodontinis GYDYMAS \u201eEndo\u201c graiki\u0161kai rei\u0161kia \u201evidus\u201c, o \u201eodont\u201c \u2013 i\u0161 graik\u0173 kalbos \u201edantis\u201c. Endodontiniu gydymu gydoma danties vidus. Danties viduje, po baltu emaliu ir kietu sluoksniu, vadinamu dentinu, yra mink\u0161tasis audinys, vadinamas pulpa. Mink\u0161time yra kraujagysl\u0117s, nervai ir jungiamasis audinys bei susidaro aplinkiniai kietieji audiniai...<\/p>","protected":false},"author":1,"featured_media":0,"parent":1563,"menu_order":0,"comment_status":"closed","ping_status":"closed","template":"","meta":{"_monsterinsights_skip_tracking":false,"_monsterinsights_sitenote_active":false,"_monsterinsights_sitenote_note":"","_monsterinsights_sitenote_category":0,"footnotes":"","_links_to":"","_links_to_target":""},"class_list":["post-6690","page","type-page","status-publish","hentry"],"aioseo_notices":[],"_links":{"self":[{"href":"https:\/\/lakesidedentist.co.uk\/lt\/wp-json\/wp\/v2\/pages\/6690","targetHints":{"allow":["GET"]}}],"collection":[{"href":"https:\/\/lakesidedentist.co.uk\/lt\/wp-json\/wp\/v2\/pages"}],"about":[{"href":"https:\/\/lakesidedentist.co.uk\/lt\/wp-json\/wp\/v2\/types\/page"}],"author":[{"embeddable":true,"href":"https:\/\/lakesidedentist.co.uk\/lt\/wp-json\/wp\/v2\/users\/1"}],"replies":[{"embeddable":true,"href":"https:\/\/lakesidedentist.co.uk\/lt\/wp-json\/wp\/v2\/comments?post=6690"}],"version-history":[{"count":0,"href":"https:\/\/lakesidedentist.co.uk\/lt\/wp-json\/wp\/v2\/pages\/6690\/revisions"}],"up":[{"embeddable":true,"href":"https:\/\/lakesidedentist.co.uk\/lt\/wp-json\/wp\/v2\/pages\/1563"}],"wp:attachment":[{"href":"https:\/\/lakesidedentist.co.uk\/lt\/wp-json\/wp\/v2\/media?parent=6690"}],"curies":[{"name":"wp","href":"https:\/\/api.w.org\/{rel}","templated":true}]}}