{"id":9523,"date":"2023-09-22T06:32:18","date_gmt":"2023-09-22T06:32:18","guid":{"rendered":"https:\/\/lakesidedentist.co.uk\/?page_id=9523"},"modified":"2025-08-06T13:40:07","modified_gmt":"2025-08-06T13:40:07","slug":"indelio-atsaukimo-politika","status":"publish","type":"page","link":"https:\/\/lakesidedentist.co.uk\/lt\/indelio-atsaukimo-politika\/","title":{"rendered":"U\u017estato \/ at\u0161aukimo taisykl\u0117s"},"content":{"rendered":"<div data-elementor-type=\"wp-page\" data-elementor-id=\"9523\" class=\"elementor elementor-9523\">\n\t\t\t\t\t\t<section class=\"elementor-section elementor-top-section elementor-element elementor-element-75ea07f4 elementor-section-full_width elementor-section-height-default elementor-section-height-default\" data-id=\"75ea07f4\" data-element_type=\"section\">\n\t\t\t\t\t\t<div class=\"elementor-container elementor-column-gap-default\">\n\t\t\t\t\t<div class=\"elementor-column elementor-col-100 elementor-top-column elementor-element elementor-element-171a35b\" data-id=\"171a35b\" data-element_type=\"column\">\n\t\t\t<div class=\"elementor-widget-wrap elementor-element-populated\">\n\t\t\t\t\t\t<div class=\"elementor-section elementor-inner-section elementor-element elementor-element-490ca912 elementor-section-boxed elementor-section-height-default elementor-section-height-default\" data-id=\"490ca912\" data-element_type=\"section\">\n\t\t\t\t\t\t<div class=\"elementor-container elementor-column-gap-default\">\n\t\t\t\t\t<div class=\"elementor-column elementor-col-100 elementor-inner-column elementor-element elementor-element-49f57dd5\" data-id=\"49f57dd5\" data-element_type=\"column\">\n\t\t\t<div class=\"elementor-widget-wrap elementor-element-populated\">\n\t\t\t\t\t\t<div class=\"elementor-element elementor-element-307d3d elementor-widget elementor-widget-bauen-title\" data-id=\"307d3d\" data-element_type=\"widget\" data-widget_type=\"bauen-title.default\">\n\t\t\t\t<div class=\"elementor-widget-container\">\n\t\t\t\t\t\t\t\n\t\t\t\n\t\t\t\t\t\t<h2 class=\"section-title text-left\">U\u017estatas \/ <span>At\u0161aukimo politika<\/span><\/h2>\n\t\t\t\t\n\t\t\t\t\n        \n\t\t\t\n        \t\t\t\t<\/div>\n\t\t\t\t<\/div>\n\t\t\t\t\t<\/div>\n\t\t<\/div>\n\t\t\t\t\t<\/div>\n\t\t<\/div>\n\t\t\t\t<div class=\"elementor-section elementor-inner-section elementor-element elementor-element-259126bc elementor-section-boxed elementor-section-height-default elementor-section-height-default\" data-id=\"259126bc\" data-element_type=\"section\">\n\t\t\t\t\t\t<div class=\"elementor-container elementor-column-gap-default\">\n\t\t\t\t\t<div class=\"elementor-column elementor-col-100 elementor-inner-column elementor-element elementor-element-2d3e6f17\" data-id=\"2d3e6f17\" data-element_type=\"column\">\n\t\t\t<div class=\"elementor-widget-wrap elementor-element-populated\">\n\t\t\t\t\t\t<div class=\"elementor-element elementor-element-49ba7af elementor-widget elementor-widget-bauen-text\" data-id=\"49ba7af\" data-element_type=\"widget\" data-widget_type=\"bauen-text.default\">\n\t\t\t\t<div class=\"elementor-widget-container\">\n\t\t\t\t\t\t\t<div class=\"bn-text-block clear\">\n\t\t<p>Siekdami u\u017etikrinti, kad gal\u0117tume pasi\u016blyti laisv\u0173 laiko tarp\u0173 kitiems pacientams, kuriems reikia odontologin\u0117s prie\u017ei\u016bros, maloniai pra\u0161ome tinkamai prane\u0161ti apie vizito at\u0161aukim\u0105 ar pakeitim\u0105.<\/p><p>Mums reikia\u00a0<strong>48 valand\u0173 \u012fsp\u0117jimas<\/strong>\u00a0d\u0117l at\u0161aukimo ar tvarkara\u0161\u010dio pakeitimo.<\/p><p>Deja, jei neatvyksite \u012f susitikim\u0105 arba j\u012f at\u0161auksite likus ma\u017eiau nei 48 valandoms, u\u017estatas bus negr\u0105\u017eintas.<\/p><p><strong>Ind\u0117li\u0173 sumos:<\/strong><\/p><ul><li>\u00a350 u\u017e susitikimus, trunkan\u010dius iki 30 minu\u010di\u0173<\/li><li>\u00a3100 u\u017e susitikimus, trunkan\u010dius iki 60 minu\u010di\u0173<\/li><li>U\u017e ilgesnius susitikimus gali b\u016bti reikalaujama didesnio u\u017estato (pvz., 100 svar\u0173 sterling\u0173 u\u017e 1 valand\u0105, 400 svar\u0173 sterling\u0173 u\u017e 4 valandas).<\/li><\/ul><p>Jei paskyrim\u0105 u\u017esisakysite internetu nesumok\u0117j\u0119 u\u017estato, m\u016bs\u0173 registrat\u016bros komanda susisieks su jumis likus kelioms savait\u0117ms iki paskyrimo ir susitars d\u0117l apmok\u0117jimo.<\/p><p><strong>Gydymo mokes\u010diai:<\/strong>\u00a0U\u017e proced\u016bras pagal laik\u0105 bus mokama pagal numatyt\u0105 trukm\u0119. Pavyzd\u017eiui:<\/p><ul><li>1 valandos proced\u016bra: \u00a3100<\/li><li>1,5 valandos trukm\u0117s proced\u016bra: \u00a3150<\/li><\/ul><p>Prie\u0161 u\u017esisakydami paslaug\u0105 \u012fsitikinkite, kad esate i\u0161samiai informuoti apie gydym\u0105 arba kad jus nukreip\u0117 gydytojas. Jei gydytojas negal\u0117s atlikti gydymo, u\u017e susitikim\u0105 vis tiek reik\u0117s sumok\u0117ti. \u0160i nuostata taikoma ir tuo atveju, jei v\u0117luojate arba persigalvojate d\u0117l gydymo.<\/p><p>D\u0117l didel\u0117s paklausos ir ribot\u0173 galimybi\u0173 negalime rezervuoti konkre\u010di\u0173 proced\u016br\u0173 be patvirtinto u\u017esakymo. Jei nesate tikri, rekomenduojame pirmiausia susitarti d\u0117l konsultacijos.<\/p><p><strong>Tvarkara\u0161\u010dio keitimas arba at\u0161aukimas:<\/strong>\u00a0Paskyrim\u0105 galite perkelti arba at\u0161aukti paskambin\u0119 \u012f m\u016bs\u0173 registrat\u016br\u0105, jei apie tai prane\u0161ate bent prie\u0161 48 valandas. U\u017estatas bus gr\u0105\u017eintas per 2-4 darbo dienas.<\/p><p><strong>Atkreipkite d\u0117mes\u012f:<\/strong>\u00a0Eismo ar TFL sutrikimai nepripa\u017e\u012fstami svarbiomis susitikimo praleidimo prie\u017eastimis. Patariame atitinkamai planuoti kelion\u0119, kad \u012f susitikim\u0105 atvyktum\u0117te laiku.<\/p><p>D\u0117kojame u\u017e supratim\u0105.<\/p>\t\t<\/div>\n\t\t\t\t\t\t<\/div>\n\t\t\t\t<\/div>\n\t\t\t\t\t<\/div>\n\t\t<\/div>\n\t\t\t\t\t<\/div>\n\t\t<\/div>\n\t\t\t\t\t<\/div>\n\t\t<\/div>\n\t\t\t\t\t<\/div>\n\t\t<\/section>\n\t\t\t\t<\/div>","protected":false},"excerpt":{"rendered":"<p>Deposit \/ Cancellation Policy To ensure we can offer available time slots to other patients in need of dental care, we kindly ask that you provide suitable notice for cancellations or changes to your appointment. We require a\u00a048-hour notice\u00a0for cancellations or rescheduling. If you fail to attend your appointment or cancel with less than 48 hours&#8217; notice, unfortunately, your deposit&#8230;<\/p>","protected":false},"author":1,"featured_media":0,"parent":0,"menu_order":0,"comment_status":"closed","ping_status":"closed","template":"","meta":{"_monsterinsights_skip_tracking":false,"_monsterinsights_sitenote_active":false,"_monsterinsights_sitenote_note":"","_monsterinsights_sitenote_category":0,"footnotes":"","_links_to":"","_links_to_target":""},"class_list":["post-9523","page","type-page","status-publish","hentry"],"aioseo_notices":[],"_links":{"self":[{"href":"https:\/\/lakesidedentist.co.uk\/lt\/wp-json\/wp\/v2\/pages\/9523","targetHints":{"allow":["GET"]}}],"collection":[{"href":"https:\/\/lakesidedentist.co.uk\/lt\/wp-json\/wp\/v2\/pages"}],"about":[{"href":"https:\/\/lakesidedentist.co.uk\/lt\/wp-json\/wp\/v2\/types\/page"}],"author":[{"embeddable":true,"href":"https:\/\/lakesidedentist.co.uk\/lt\/wp-json\/wp\/v2\/users\/1"}],"replies":[{"embeddable":true,"href":"https:\/\/lakesidedentist.co.uk\/lt\/wp-json\/wp\/v2\/comments?post=9523"}],"version-history":[{"count":0,"href":"https:\/\/lakesidedentist.co.uk\/lt\/wp-json\/wp\/v2\/pages\/9523\/revisions"}],"wp:attachment":[{"href":"https:\/\/lakesidedentist.co.uk\/lt\/wp-json\/wp\/v2\/media?parent=9523"}],"curies":[{"name":"wp","href":"https:\/\/api.w.org\/{rel}","templated":true}]}}